{"id":11,"date":"2014-01-13T18:18:03","date_gmt":"2014-01-13T17:18:03","guid":{"rendered":""},"modified":"2024-07-17T11:43:37","modified_gmt":"2024-07-17T10:43:37","slug":"contacte","status":"publish","type":"page","link":"https:\/\/aspanide.org\/index.php\/contacte\/","title":{"rendered":"Contacte"},"content":{"rendered":"<table width=\"100%\">\n<tbody>\n<tr>\n<td width=\"50%\">\n<div class=\"wpcf7 no-js\" id=\"wpcf7-f289-o1\" lang=\"ca\" dir=\"ltr\" data-wpcf7-id=\"289\">\n<div class=\"screen-reader-response\"><p role=\"status\" aria-live=\"polite\" aria-atomic=\"true\"><\/p> <ul><\/ul><\/div>\n<form action=\"\/index.php\/wp-json\/wp\/v2\/pages\/11#wpcf7-f289-o1\" method=\"post\" class=\"wpcf7-form init\" aria-label=\"Formulari de contacte\" novalidate=\"novalidate\" data-status=\"init\">\n<div style=\"display: none;\">\n<input type=\"hidden\" name=\"_wpcf7\" value=\"289\" \/>\n<input type=\"hidden\" name=\"_wpcf7_version\" value=\"6.0.6\" \/>\n<input type=\"hidden\" name=\"_wpcf7_locale\" value=\"ca\" \/>\n<input type=\"hidden\" name=\"_wpcf7_unit_tag\" value=\"wpcf7-f289-o1\" \/>\n<input type=\"hidden\" name=\"_wpcf7_container_post\" value=\"0\" \/>\n<input type=\"hidden\" name=\"_wpcf7_posted_data_hash\" value=\"\" \/>\n<input type=\"hidden\" name=\"_wpcf7_recaptcha_response\" value=\"\" \/>\n<\/div>\n<p>El vostre nom (obligatori)\n<\/p>\n<p><span class=\"wpcf7-form-control-wrap\" data-name=\"your-name\"><input size=\"40\" maxlength=\"400\" class=\"wpcf7-form-control wpcf7-text wpcf7-validates-as-required\" aria-required=\"true\" aria-invalid=\"false\" value=\"\" type=\"text\" name=\"your-name\" \/><\/span>\n<\/p>\n<p>El vostre email (obligatori)\n<\/p>\n<p><span class=\"wpcf7-form-control-wrap\" data-name=\"your-email\"><input size=\"40\" maxlength=\"400\" class=\"wpcf7-form-control wpcf7-email wpcf7-validates-as-required wpcf7-text wpcf7-validates-as-email\" aria-required=\"true\" aria-invalid=\"false\" value=\"\" type=\"email\" name=\"your-email\" \/><\/span>\n<\/p>\n<p>Assumpte\n<\/p>\n<p><span class=\"wpcf7-form-control-wrap\" data-name=\"your-subject\"><input size=\"40\" maxlength=\"400\" class=\"wpcf7-form-control wpcf7-text\" aria-invalid=\"false\" value=\"\" type=\"text\" name=\"your-subject\" \/><\/span>\n<\/p>\n<p>El vostre missatge\n<\/p>\n<p><span class=\"wpcf7-form-control-wrap\" data-name=\"your-message\"><textarea cols=\"40\" rows=\"10\" maxlength=\"2000\" class=\"wpcf7-form-control wpcf7-textarea\" aria-invalid=\"false\" name=\"your-message\"><\/textarea><\/span>\n<\/p>\n<p>Acceptaci\u00f3 de pol\u00edtica de dades <span class=\"wpcf7-form-control-wrap\" data-name=\"acceptance-597\"><span class=\"wpcf7-form-control wpcf7-acceptance\"><span class=\"wpcf7-list-item\"><input type=\"checkbox\" name=\"acceptance-597\" value=\"1\" aria-invalid=\"false\" \/><\/span><\/span><\/span>\n<\/p>\n<p><input class=\"wpcf7-form-control wpcf7-submit has-spinner\" type=\"submit\" value=\"Enviar\" \/>\n<\/p><p style=\"display: none !important;\" class=\"akismet-fields-container\" data-prefix=\"_wpcf7_ak_\"><label>&#916;<textarea name=\"_wpcf7_ak_hp_textarea\" cols=\"45\" rows=\"8\" maxlength=\"100\"><\/textarea><\/label><input type=\"hidden\" id=\"ak_js_1\" name=\"_wpcf7_ak_js\" value=\"16\"\/><script>document.getElementById( \"ak_js_1\" ).setAttribute( \"value\", ( new Date() ).getTime() );<\/script><\/p><div class=\"wpcf7-response-output\" aria-hidden=\"true\"><\/div>\n<\/form>\n<\/div>\n<\/td>\n<\/tr>\n<tr>\n<td style=\"text-align: justify; font-size: 10px;\" width=\"50%\"><b>Responsable: Fundaci\u00f3 Privada Aspanide &#8211; NIF: G61852802.<\/b> Dir. postal: C\/ N\u00e0pols 41 3\u00aa , 08921, Sta. Coloma de Gramenet, Barcelona &#8211; Tel\u00e9fono: 933911560 &#8211; Correu electr\u00f2nic: <a style=\"text-align: justify; font-size: 10px;\" href=\"mailto:administracio@aspanide.org\">administracio@aspanide.org<\/a>.<br \/>En nom de la Fundaci\u00f3, tractem la informaci\u00f3 que ens facilita amb la finalitat d\u2019atendre les sol\u00b7licituds d\u2019informaci\u00f3 del formulari de contacte. Les dades proporcionades es conservaran mentre es mantingui la relaci\u00f3 professional o durant els anys necessaris per complir amb les obligacions legals. Les dades no es cediran a tercers excepte en els casos en que existeixi una obligaci\u00f3 legal. Vost\u00e8 t\u00e9 dret a obtenir confirmaci\u00f3 sobre si a Fundaci\u00f3 Privada Aspanide estem tractant les seves dades personals per tant t\u00e9 dret a accedir als seus drets personals, rectificar les dades inexactes o sol\u00b7licitar la seva supressi\u00f3 quan les dades ja no siguin necessaris dirigint-se per escrit al responsable al correu electr\u00f2nic\u00a0administracio@aspanide.org .<\/td>\n<\/tr>\n<\/tbody>\n<\/table>\n\n\n<p><\/p>\n","protected":false},"excerpt":{"rendered":"<p>Responsable: Fundaci\u00f3 Privada Aspanide &#8211; NIF: G61852802. Dir. postal: C\/ N\u00e0pols 41 3\u00aa , 08921, Sta. Coloma de Gramenet, Barcelona &#8211; Tel\u00e9fono: 933911560 &#8211; Correu electr\u00f2nic: administracio@aspanide.org.En nom de la Fundaci\u00f3, tractem la informaci\u00f3 que ens facilita amb la finalitat d\u2019atendre les sol\u00b7licituds d\u2019informaci\u00f3 del formulari de contacte. Les dades proporcionades es conservaran mentre es&hellip; <br \/> <a class=\"read-more\" href=\"https:\/\/aspanide.org\/index.php\/contacte\/\">Leer m\u00e1s<\/a><\/p>\n","protected":false},"author":1,"featured_media":0,"parent":0,"menu_order":0,"comment_status":"closed","ping_status":"closed","template":"","meta":{"footnotes":""},"class_list":["post-11","page","type-page","status-publish","hentry"],"_links":{"self":[{"href":"https:\/\/aspanide.org\/index.php\/wp-json\/wp\/v2\/pages\/11"}],"collection":[{"href":"https:\/\/aspanide.org\/index.php\/wp-json\/wp\/v2\/pages"}],"about":[{"href":"https:\/\/aspanide.org\/index.php\/wp-json\/wp\/v2\/types\/page"}],"author":[{"embeddable":true,"href":"https:\/\/aspanide.org\/index.php\/wp-json\/wp\/v2\/users\/1"}],"replies":[{"embeddable":true,"href":"https:\/\/aspanide.org\/index.php\/wp-json\/wp\/v2\/comments?post=11"}],"version-history":[{"count":60,"href":"https:\/\/aspanide.org\/index.php\/wp-json\/wp\/v2\/pages\/11\/revisions"}],"predecessor-version":[{"id":4275,"href":"https:\/\/aspanide.org\/index.php\/wp-json\/wp\/v2\/pages\/11\/revisions\/4275"}],"wp:attachment":[{"href":"https:\/\/aspanide.org\/index.php\/wp-json\/wp\/v2\/media?parent=11"}],"curies":[{"name":"wp","href":"https:\/\/api.w.org\/{rel}","templated":true}]}}