{"id":19,"date":"2014-01-13T18:20:09","date_gmt":"2014-01-13T17:20:09","guid":{"rendered":"http:\/\/CENTRODEATENCI\u00d3NESPECIALIZADA(CAE)&nbsp;Usuarios\/asElcentrodeatenci\u00f3nespecializadaesunserviciodiurnoparapersonascondisminuci\u00f3nps\u00edquicay\/of\u00edsicaprofunday\/oseveraquetienenunagrancarenc"},"modified":"2024-07-17T12:06:36","modified_gmt":"2024-07-17T11:06:36","slug":"c-a-e","status":"publish","type":"page","link":"https:\/\/aspanide.org\/index.php\/fundacio\/serveis\/c-a-e\/","title":{"rendered":"C.A.E."},"content":{"rendered":"\n<h2 class=\"wp-block-heading\"><strong>Centre D\u00b4Atenci\u00f3 Especialitzada (CAE)<\/strong><\/h2>\n\n\n\n<div style=\"height:40px\" aria-hidden=\"true\" class=\"wp-block-spacer\"><\/div>\n\n\n\n<h3 class=\"wp-block-heading\">Usuaris\/es<\/h3>\n\n\n\n<p>El centre d\u2019atenci\u00f3 especialitzada \u00e9s un servei di\u00fcrn per a persones amb disminuci\u00f3 ps\u00edquica i\/o f\u00edsica profunda i\/o severa que tenen una gran mancan\u00e7a d\u2019independ\u00e8ncia personal i una atenci\u00f3 assistencial permanent.<\/p>\n\n\n\n<h3 class=\"wp-block-heading\">Objectiu<\/h3>\n\n\n\n<ul class=\"wp-block-list\">\n<li>Atenci\u00f3 individual de les persones amb greus disminucions<\/li>\n\n\n\n<li>Aconseguir el m\u00e0xim grau d\u2019autonomia personal i social<\/li>\n\n\n\n<li>Integraci\u00f3 social<\/li>\n\n\n\n<li>Afavorir el manteniment al domicili<\/li>\n\n\n\n<li>Donar suport a la familia<\/li>\n\n\n\n<li>Rehabilitaci\u00f3 i habilitaci\u00f3 de les persones ateses<\/li>\n<\/ul>\n\n\n\n<h3 class=\"wp-block-heading\">Activitats<\/h3>\n\n\n\n<ul class=\"wp-block-list\">\n<li>Aplicaci\u00f3 de programes i tractaments individuals<\/li>\n\n\n\n<li>Desenvolupament de les activitats del grup<\/li>\n\n\n\n<li>\u00a0Atenci\u00f3 i \u00a0suport a les activitats de la vida di\u00e0ria<\/li>\n\n\n\n<li>Acollida di\u00fcrna i conviv\u00e8ncia<\/li>\n<\/ul>\n\n\n\n<h3 class=\"wp-block-heading\">Capacitat<\/h3>\n\n\n\n<p>La capacitat m\u00e0xima del CAE \u00e9s de 20 places, \u00a0actualment est\u00e0 al 100%<\/p>\n\n\n\n<h3 class=\"wp-block-heading\">Requisits d\u2019acc\u00e9s<\/h3>\n\n\n\n<ul class=\"wp-block-list\">\n<li>Persones afectades d\u2019una disminuci\u00f3 ps\u00edquica profunda, gran invalidesa, o b\u00e9 na pluridiscapacitat que limiti greument la seva autonomia i impedeixi l\u2019\u00fas d\u2019altres serveis.<\/li>\n\n\n\n<li>Certificat de reconeixement de la disminuci\u00f3 i valoraci\u00f3 del Centre d\u2019Atenci\u00f3 a Disminu\u00efts per accedir al servei.<\/li>\n<\/ul>\n","protected":false},"excerpt":{"rendered":"<p>Centre D\u00b4Atenci\u00f3 Especialitzada (CAE) Usuaris\/es El centre d\u2019atenci\u00f3 especialitzada \u00e9s un servei di\u00fcrn per a persones amb disminuci\u00f3 ps\u00edquica i\/o f\u00edsica profunda i\/o severa que tenen una gran mancan\u00e7a d\u2019independ\u00e8ncia personal i una atenci\u00f3 assistencial permanent. Objectiu Activitats Capacitat La capacitat m\u00e0xima del CAE \u00e9s de 20 places, \u00a0actualment est\u00e0 al 100% Requisits d\u2019acc\u00e9s<\/p>\n","protected":false},"author":1,"featured_media":0,"parent":76,"menu_order":0,"comment_status":"closed","ping_status":"closed","template":"","meta":{"footnotes":""},"class_list":["post-19","page","type-page","status-publish","hentry"],"_links":{"self":[{"href":"https:\/\/aspanide.org\/index.php\/wp-json\/wp\/v2\/pages\/19"}],"collection":[{"href":"https:\/\/aspanide.org\/index.php\/wp-json\/wp\/v2\/pages"}],"about":[{"href":"https:\/\/aspanide.org\/index.php\/wp-json\/wp\/v2\/types\/page"}],"author":[{"embeddable":true,"href":"https:\/\/aspanide.org\/index.php\/wp-json\/wp\/v2\/users\/1"}],"replies":[{"embeddable":true,"href":"https:\/\/aspanide.org\/index.php\/wp-json\/wp\/v2\/comments?post=19"}],"version-history":[{"count":28,"href":"https:\/\/aspanide.org\/index.php\/wp-json\/wp\/v2\/pages\/19\/revisions"}],"predecessor-version":[{"id":4281,"href":"https:\/\/aspanide.org\/index.php\/wp-json\/wp\/v2\/pages\/19\/revisions\/4281"}],"up":[{"embeddable":true,"href":"https:\/\/aspanide.org\/index.php\/wp-json\/wp\/v2\/pages\/76"}],"wp:attachment":[{"href":"https:\/\/aspanide.org\/index.php\/wp-json\/wp\/v2\/media?parent=19"}],"curies":[{"name":"wp","href":"https:\/\/api.w.org\/{rel}","templated":true}]}}