{"id":21,"date":"2014-01-13T18:20:37","date_gmt":"2014-01-13T17:20:37","guid":{"rendered":"http:\/\/Usuarios\/asPersonas\u00a0mayoresde18a\u00f1oscondisminuci\u00f3nps\u00edquicay\/of\u00edsicadegradolevey\/omedio,quenecesitandeformapermanenteotemporalsoporteintermitenteolimitadoparalarealizaci\u00f3ndelasactividadesdelavidadiaria."},"modified":"2024-07-17T12:19:22","modified_gmt":"2024-07-17T11:19:22","slug":"llar-residencia","status":"publish","type":"page","link":"https:\/\/aspanide.org\/index.php\/fundacio\/serveis\/llar-residencia\/","title":{"rendered":"Llar-Resid\u00e8ncia"},"content":{"rendered":"\n<p class=\"has-large-font-size\"><strong>Llar-resid\u00e8ncia<\/strong><\/p>\n\n\n\n<h3 class=\"wp-block-heading\">Usuaris\/es<\/h3>\n\n\n\n<p>Persones&nbsp;majors de 18 anys amb disminuci\u00f3 ps\u00edquica i\/o f\u00edsica de grau lleu i\/o mitj\u00e0, que necessiten de forma permanent o temporal suport intermitent o limitat per a la realitzaci\u00f3 de les activitats de la vida di\u00e0ria. Exceptuant les persones greument afectades i les que, tot i no estant fisiol\u00f2gicament i psicol\u00f2gicament, poden tenir trastorns de conducta greus.<\/p>\n\n\n\n<p>Els usuaris\/es estan assistint de forma di\u00fcrna a un Servei de Ter\u00e0pia Ocupacional o a un Centre Especial de Treball.<\/p>\n\n\n\n<h3 class=\"wp-block-heading\">Objectiu<\/h3>\n\n\n\n<p>Atenci\u00f3 global als usuaris, la seva rehabilitaci\u00f3 i habilitaci\u00f3 i &nbsp;constituir el seu domicili habitual.<\/p>\n\n\n\n<h3 class=\"wp-block-heading\">Activitats<\/h3>\n\n\n\n<ul class=\"wp-block-list\">\n<li>Allotjament<\/li>\n\n\n\n<li>Acolliment i conviv\u00e8ncia<\/li>\n\n\n\n<li>Manutenci\u00f3<\/li>\n\n\n\n<li>Atenci\u00f3 personal.<\/li>\n\n\n\n<li>Higiene personal<\/li>\n\n\n\n<li>Relacions interpersonals i integraci\u00f3 social<\/li>\n\n\n\n<li>H\u00e0bits d\u2019autonomia<\/li>\n\n\n\n<li>Descans i oci<\/li>\n<\/ul>\n\n\n\n<h3 class=\"wp-block-heading\">Capacitat<\/h3>\n\n\n\n<p>La capacitat m\u00e0xima de la resid\u00e8ncia \u00e9s de 15 places i el grau d\u2019ocupaci\u00f3 actual \u00e9s del 100%.<\/p>\n\n\n\n<h3 class=\"wp-block-heading\">Requisits d\u2019acc\u00e9s<\/h3>\n\n\n\n<ul class=\"wp-block-list\">\n<li>Reconeixement oficial de disminuci\u00f3 ps\u00edquic i valoraci\u00f3 dels Centres d\u2019Atenci\u00f3 a Disminu\u00efts per a l\u2019ingr\u00e9s al servei<\/li>\n\n\n\n<li>Haver realitzat la sol\u00b7licitud pertinent de l\u2019establiment residencial al&nbsp; Departament de Benestar Social y Fam\u00edlia.<\/li>\n\n\n\n<li>Proced\u00e8ncia limitada a Santa Coloma i municipis propers (Badalona, Sant Adri\u00e0, Barcelona). Prioritat a les persones ateses al Centre Ocupacional i al Centre Especial de Treball locals.<\/li>\n\n\n\n<li>Criteris socials, familiars i individuals:\n<ul class=\"wp-block-list\">\n<li>Orfandat parcial o total<\/li>\n\n\n\n<li>Situacions marginals que suposin mancances prim\u00e0ries<\/li>\n\n\n\n<li>Situacions de risc social<\/li>\n\n\n\n<li>Impossibilitat d\u2019atenci\u00f3 per avan\u00e7ada edat dels pares<\/li>\n\n\n\n<li>Impossibilitat d\u2019atenci\u00f3 per greus malalties dels responsables<\/li>\n\n\n\n<li>Desestructuraci\u00f3 i inestabilitat familiar<\/li>\n<\/ul>\n<\/li>\n<\/ul>\n","protected":false},"excerpt":{"rendered":"<p>Llar-resid\u00e8ncia Usuaris\/es Persones&nbsp;majors de 18 anys amb disminuci\u00f3 ps\u00edquica i\/o f\u00edsica de grau lleu i\/o mitj\u00e0, que necessiten de forma permanent o temporal suport intermitent o limitat per a la realitzaci\u00f3 de les activitats de la vida di\u00e0ria. Exceptuant les persones greument afectades i les que, tot i no estant fisiol\u00f2gicament i psicol\u00f2gicament, poden tenir&hellip; <br \/> <a class=\"read-more\" href=\"https:\/\/aspanide.org\/index.php\/fundacio\/serveis\/llar-residencia\/\">Leer m\u00e1s<\/a><\/p>\n","protected":false},"author":1,"featured_media":0,"parent":76,"menu_order":0,"comment_status":"closed","ping_status":"closed","template":"","meta":{"footnotes":""},"class_list":["post-21","page","type-page","status-publish","hentry"],"_links":{"self":[{"href":"https:\/\/aspanide.org\/index.php\/wp-json\/wp\/v2\/pages\/21"}],"collection":[{"href":"https:\/\/aspanide.org\/index.php\/wp-json\/wp\/v2\/pages"}],"about":[{"href":"https:\/\/aspanide.org\/index.php\/wp-json\/wp\/v2\/types\/page"}],"author":[{"embeddable":true,"href":"https:\/\/aspanide.org\/index.php\/wp-json\/wp\/v2\/users\/1"}],"replies":[{"embeddable":true,"href":"https:\/\/aspanide.org\/index.php\/wp-json\/wp\/v2\/comments?post=21"}],"version-history":[{"count":20,"href":"https:\/\/aspanide.org\/index.php\/wp-json\/wp\/v2\/pages\/21\/revisions"}],"predecessor-version":[{"id":4297,"href":"https:\/\/aspanide.org\/index.php\/wp-json\/wp\/v2\/pages\/21\/revisions\/4297"}],"up":[{"embeddable":true,"href":"https:\/\/aspanide.org\/index.php\/wp-json\/wp\/v2\/pages\/76"}],"wp:attachment":[{"href":"https:\/\/aspanide.org\/index.php\/wp-json\/wp\/v2\/media?parent=21"}],"curies":[{"name":"wp","href":"https:\/\/api.w.org\/{rel}","templated":true}]}}