{"id":23,"date":"2014-01-13T18:21:08","date_gmt":"2014-01-13T17:21:08","guid":{"rendered":"http:\/\/CENTRODEDESARROLLOYATENCI\u00d3NPRECOZ(CDIAP)&nbsp;Usuarios\/asNi\u00f1osyni\u00f1asde0a43mesesque,enelper\u00edodoprenataloalnacer,presentanalg\u00fantrastornooseencuentranensituaci\u00f3nderiesgodepresenta"},"modified":"2024-07-17T12:09:49","modified_gmt":"2024-07-17T11:09:49","slug":"c-d-i-a-p","status":"publish","type":"page","link":"https:\/\/aspanide.org\/index.php\/fundacio\/serveis\/c-d-i-a-p\/","title":{"rendered":"C.D.I.A.P."},"content":{"rendered":"\n<h2 class=\"wp-block-heading\">Centre de Desenvolupament i Atenci\u00f3 Preco\u00e7 (CDIAP)<\/h2>\n\n\n\n<div style=\"height:40px\" aria-hidden=\"true\" class=\"wp-block-spacer\"><\/div>\n\n\n\n<h3 class=\"wp-block-heading\">Usuaris\/es<\/h3>\n\n\n\n<p>Nens i nenes de 0 a 43 mesos que, en el per\u00edode prenatal o al n\u00e9ixer, presenten algun trastorn o es troben en situaci\u00f3 de risc de presentar-ho, amb la intenci\u00f3 d\u2019eliminar o disminuir els seus efectes, si \u00e9s possible, mitjan\u00e7ant un tractament adequat que incideix simult\u00e0niament sobre els \u00e0mbits sanitaris, social i educatius, i va dirigit als nens i al seu entorn familiar i social. Els equips estan formats per professionals de la psicologia cl\u00ednica, neuropediatria, fisioter\u00e0pia, logop\u00e8dia i treball social.\u00a0<\/p>\n\n\n\n<h3 class=\"wp-block-heading\">Objectiu<\/h3>\n\n\n\n<p>El CDIAP pret\u00e9n facilitar el m\u00e0xim de desenvolupament personal i de les relacions familiars dels nens atesos, sobretot en els casos de m\u00e9s greu afectaci\u00f3. Els objectius s\u00f3n la prevenci\u00f3, la detecci\u00f3, el diagn\u00f2stic i l\u2019abordatge terap\u00e8utic dels trastorns del desenvolupament del nen en proc\u00e9s de creixement i de les situacions de risc social, psicol\u00f2gic i biol\u00f2gic que poden alterar aquests processos.\u00a0<\/p>\n\n\n\n<h3 class=\"wp-block-heading\">Activitats<\/h3>\n\n\n\n<ul class=\"wp-block-list\">\n<li>Sessions de treball realitzades des d\u2019un abordatge global que compren el diagn\u00f2stic, la intervenci\u00f3 terap\u00e8utica i l\u2019avaluaci\u00f3 i seguiment del cas.<\/li>\n\n\n\n<li>Atenci\u00f3 a la fam\u00edlia amb informaci\u00f3, assessorament i suport<\/li>\n\n\n\n<li>Suport a l\u2019escola.<\/li>\n\n\n\n<li>Treball intern de l\u2019equip orientat a la planificaci\u00f3 de les pautes terap\u00e8utiques<\/li>\n\n\n\n<li>dels nens i\u00a0 les fam\u00edlies.<\/li>\n\n\n\n<li>Coordinaci\u00f3 amb els recursos de la zona (hospitals, pediatres, professionals<\/li>\n\n\n\n<li>d\u2019educaci\u00f3, de serveis socials i altres).<\/li>\n<\/ul>\n\n\n\n<h3 class=\"wp-block-heading\">Capacitat<\/h3>\n\n\n\n<p>El Centre de Desenvolupament i Atenci\u00f3 Preco\u00e7 at\u00e9n actualment a uns\u00a0 385 usuaris.<\/p>\n\n\n\n<h3 class=\"wp-block-heading\">Requisits d\u2019acc\u00e9s<\/h3>\n\n\n\n<p>Nens amb trastorns del desenvolupament o amb risc de tenir-los, fins als 48 mesos, i excepcionalment fins als 6 anys sempre que es dictamini la necessitat.<\/p>\n","protected":false},"excerpt":{"rendered":"<p>Centre de Desenvolupament i Atenci\u00f3 Preco\u00e7 (CDIAP) Usuaris\/es Nens i nenes de 0 a 43 mesos que, en el per\u00edode prenatal o al n\u00e9ixer, presenten algun trastorn o es troben en situaci\u00f3 de risc de presentar-ho, amb la intenci\u00f3 d\u2019eliminar o disminuir els seus efectes, si \u00e9s possible, mitjan\u00e7ant un tractament adequat que incideix simult\u00e0niament&hellip; <br \/> <a class=\"read-more\" href=\"https:\/\/aspanide.org\/index.php\/fundacio\/serveis\/c-d-i-a-p\/\">Leer m\u00e1s<\/a><\/p>\n","protected":false},"author":1,"featured_media":0,"parent":76,"menu_order":0,"comment_status":"closed","ping_status":"closed","template":"","meta":{"footnotes":""},"class_list":["post-23","page","type-page","status-publish","hentry"],"_links":{"self":[{"href":"https:\/\/aspanide.org\/index.php\/wp-json\/wp\/v2\/pages\/23"}],"collection":[{"href":"https:\/\/aspanide.org\/index.php\/wp-json\/wp\/v2\/pages"}],"about":[{"href":"https:\/\/aspanide.org\/index.php\/wp-json\/wp\/v2\/types\/page"}],"author":[{"embeddable":true,"href":"https:\/\/aspanide.org\/index.php\/wp-json\/wp\/v2\/users\/1"}],"replies":[{"embeddable":true,"href":"https:\/\/aspanide.org\/index.php\/wp-json\/wp\/v2\/comments?post=23"}],"version-history":[{"count":22,"href":"https:\/\/aspanide.org\/index.php\/wp-json\/wp\/v2\/pages\/23\/revisions"}],"predecessor-version":[{"id":4286,"href":"https:\/\/aspanide.org\/index.php\/wp-json\/wp\/v2\/pages\/23\/revisions\/4286"}],"up":[{"embeddable":true,"href":"https:\/\/aspanide.org\/index.php\/wp-json\/wp\/v2\/pages\/76"}],"wp:attachment":[{"href":"https:\/\/aspanide.org\/index.php\/wp-json\/wp\/v2\/media?parent=23"}],"curies":[{"name":"wp","href":"https:\/\/api.w.org\/{rel}","templated":true}]}}