{"id":2417,"date":"2018-06-21T10:21:54","date_gmt":"2018-06-21T09:21:54","guid":{"rendered":"http:\/\/aspanide.org\/index.php\/?page_id=2417"},"modified":"2018-10-11T11:41:59","modified_gmt":"2018-10-11T10:41:59","slug":"avis-legal","status":"publish","type":"page","link":"https:\/\/aspanide.org\/index.php\/avis-legal\/","title":{"rendered":"Av\u00eds Legal"},"content":{"rendered":"<p align=\"center\"><b><span style=\"text-decoration: underline;\">AV\u00cdS LEGAL DE LA WEB <\/span><\/b><\/p>\n<p align=\"center\"><b><a href=\"http:\/\/aspanide.org\/\">http:\/\/aspanide.org<\/a><\/b><\/p>\n<p style=\"text-align: left;\" align=\"center\"><b><\/b><b>1<\/b><b>&#8211; CONDICIONS GENERALS D\u2019 \u00daS DE LA WEB I LA SEVA ACCEPTACI\u00d3<\/b><\/p>\n<p>El present av\u00eds (d\u2019ara endavant, \u00abAv\u00eds Legal\u00bb) regula l\u2019\u00fas del servei d\u2019acc\u00e9s i utilitzaci\u00f3 de la Web que Fundaci\u00f3 Privada Aspanide posa a la seva disposici\u00f3.<\/p>\n<p>Fundaci\u00f3 Privada Aspanide, en tant que responsable de la Web informa que t\u00e9 el seu domicili social en C\/ N\u00e0pols 41, 08921 Sta. Coloma de Gramenet (Barcelona) amb NIF n\u00famero G61852802.<\/p>\n<p>La utilitzaci\u00f3 de la Web atribueix la condici\u00f3 d\u2019usuari de la Web (d\u2019ara endavant, \u00abUsuari\u00bb) e implica l\u2019acceptaci\u00f3 plena i sense reserves de totes i cadascuna de les disposicions incloses en aquest Av\u00eds Legal a la versi\u00f3 publicada per Aspanide en el moment mateix en que l\u2019Usuari accedeixi a la Web. La fundaci\u00f3 es reserva el dret a modificar unilateralment, en qualsevol moment i sense previ av\u00eds, la presentaci\u00f3 i configuraci\u00f3 dels continguts i els serveis de la Web, aix\u00ed com les condicions requerides per a la seva utilitzaci\u00f3 quan aix\u00f2 sigui convenient per a la seva millor prestaci\u00f3.<\/p>\n<p>El contingut de la present Web est\u00e0 protegida per les lleis de propietat intel\u00b7lectual.<\/p>\n<p>Aquests contingut hauran de ser usats de forma correcta i licita per l\u2019usuari i, en particular queda obligat a utilitzar aquests continguts de forma diligent, correcta i l\u00edcita.<\/p>\n<p>No podran utilitzar-se els continguts de forma contraria a la llei, a la moral o a les bones costums acceptades en ordre p\u00fablic.<\/p>\n<p>Est\u00e0 prohibida la transmissi\u00f3 de qualsevol tipus de dades que vost\u00e8 pugui realitzar en aquesta Web, o a altres pertanyents a terceres empreses\u00a0els links del qual podr\u00e0 trobar dintre d\u2019aquesta Web, que atempti contra els drets de propietat de tercers, siguin obscens, pornogr\u00e0fics, difamatoris, de car\u00e0cter amena\u00e7ador o material que pugui ser considerat delicte o falta en virtut del vigent Codi Penal.<\/p>\n<p>Queda prohibida la reproducci\u00f3, c\u00f2pia, distribuci\u00f3, transformaci\u00f3 o modificaci\u00f3 de continguts (textos, imatges, veus o estructura) a menys que es compti amb l\u2019autoritzaci\u00f3 expressa i per escrit del titular dels drets adquirits.<\/p>\n<p>&nbsp;<\/p>\n<p><b>2. OBJECTE<\/b><\/p>\n<p>A trav\u00e9s de la Web, Aspanide informa dels seus serveis dirigits a fomentar l\u2019assist\u00e8ncia, recuperaci\u00f3 i ensenyan\u00e7a dels nens i dels adults amb discapacitat intel\u00b7lectual.<\/p>\n<p>&nbsp;<\/p>\n<p><b>3. <\/b><b>CONDICIONS D\u2019ACC\u00c9S I UTILITZACI\u00d3 DE LA WEB<\/b><\/p>\n<p><b>\u00a0<\/b><b>3.1. Acc\u00e9s i utilitzaci\u00f3 de la Web<\/b><\/p>\n<p>La utilitzaci\u00f3 del Portal t\u00e9 car\u00e0cter gratu\u00eft pels usuaris.<\/p>\n<p><b>3.2. Veracitat de la informaci\u00f3<\/b><\/p>\n<p>Tota la informaci\u00f3 que faciliti l\u2019usuari a trav\u00e9s de la Web haur\u00e0 de ser vera\u00e7. A aquests efectes, l\u2019usuari garanteix l\u2019autenticitat de tots aquelles dades que comuniqui amb conseq\u00fc\u00e8ncia de la complementaci\u00f3 dels formularis de recollida de dades. D\u2019igual forma, s\u2019haur\u00e0 de mantenir la informaci\u00f3 facilitada a la fundaci\u00f3 actualitzada. En tot cas l\u2019usuari ser\u00e0 l\u2019\u00fanic responsable de les manifestacions falses o inexactes que realitzi i dels perjudicis que causi a Aspanide o a tercers per la informaci\u00f3 que faciliti.<\/p>\n<p><b>3.3. Obligaci\u00f3 de fer un \u00fas correcte de la Web<\/b><\/p>\n<p>L\u2019usuari es compromet a utilitzar la Web de conformitat amb la llei, el present Av\u00eds Legal, i dem\u00e9s avisos, reglaments d\u2019\u00fas e instruccions posats en el seu coneixement, aix\u00ed com amb la moral i les bones costums generalment acceptades i l\u2019ordre p\u00fablic.<\/p>\n<p>A tal efecte, l\u2019usuari s\u2019abstindr\u00e0 d\u2019utilitzar la Web amb fins o efectes il\u00b7l\u00edcites, prohibits en el present Av\u00eds Legal, lesius dels drets e interessos de tercers, o que de qualsevol forma puguin danyar, inutilitzar, sobrecarregar, deteriorar o impedir la normal utilitzaci\u00f3 de la Web dels equips inform\u00e0tics o els documents, arxius i tota classe de continguts emmagatzemats en qualsevol equip inform\u00e0tic d\u2019 Aspanide, o de qualsevol usuari d\u2019Internet (hardware y software).<\/p>\n<p>Aspanide es reserva el dret a denegar o retirar l\u2019acc\u00e9s a la Web, en qualsevol moment i sense necessitat de preav\u00eds, a aquells usuaris que incompleixin les presents Condicions Generals.<\/p>\n<p>&nbsp;<\/p>\n<p><b>4- COPYRIGHT I MARQUES REGISTRADES<\/b><\/p>\n<p>Totes les marques, noms comercials o signes distintius de qualsevol classe que apareixen en la Web s\u00f3n propietat d\u2019 Aspanide o de tercers, sense que es pugui entendre que l\u2019\u00fas o acc\u00e9s a la Web i\/o als serveis atribueixi a l\u2019usuari dret algun sobre las citades marques, noms comercials i\/o signes distintius.<\/p>\n<p>Aix\u00ed mateix, els Continguts s\u00f3n propietat intel\u00b7lectual d\u2019Aspanide o de tercers, sense que puguin entendre\u2019s cedits a l\u2019usuari, en virtut de l\u2019establert en aquest Av\u00eds Legal, ning\u00fa dels drets d\u2019 explotaci\u00f3 que existeixen o puguin existir sobre aquests Continguts van m\u00e9s enll\u00e0 de l\u2019 estrictament necessari pel correcte \u00fas de la Web.<\/p>\n<p><b>\u00a0<\/b><\/p>\n<p><b>5.- <\/b><b>RESPONSABILIDATS PER DANYS I PERJUDICIS<\/b><\/p>\n<p>L\u2019usuari de la Web o de qualsevol de les p\u00e0gines Web de terceres empreses, incloses en el website o con un acc\u00e9s mitjan\u00e7ant un link des del mateix, ser\u00e0 responsable dels Danys i Perjudicis que Aspanide pugui sofrir directa o indirectament, com conseq\u00fc\u00e8ncia de l\u2019incompliment de qualsevol de les obligacions derivades establerts en el present Av\u00eds Legal.<\/p>\n<p>&nbsp;<\/p>\n<p><b>6- L\u00cdMIT DE RESPONSABILITAT<\/b><\/p>\n<p><b>\u00a0<\/b>Aspanide no garanteix la disponibilitat del funcionament dels serveis de la Web.<\/p>\n<p>Quan aix\u00f2 sigui raonablement possible, Aspanide advertir\u00e0 pr\u00e8viament les interrupcions en el funcionament de la Web. La fundaci\u00f3 tampoc garanteix la unitat dels serveis per la realitzaci\u00f3 de ninguna activitat en particular, ni la seva inhabilitat, i en particular, encara que no de manera exclusiva, que els usuaris puguin efectivament utilitzar els serveis i accedir a les distintes p\u00e0gines Web des de les que es presten els serveis.<\/p>\n<p><b>\u00a0<\/b>Aspanide no garanteix la privacitat i la seguretat de la utilitzaci\u00f3 de la Web, no pot a garantir la invulnerabilitat absoluta dels seus sistemes de seguretat.<\/p>\n<p>Aspanide no controla ni garanteix l\u2019 abs\u00e8ncia de virus ni d\u2019altres elements en els Continguts que poden produir alteracions en el sistema inform\u00e0tic de l\u2019usuari (software i hardware) o en els documents electr\u00f2nics i fitxers emmagatzemats en aquest.<\/p>\n<p>D\u2019igual forma, Aspanide, eludeix tota responsabilitat en els sup\u00f2sits de fallada en el rendiment, error, omissi\u00f3, interrupci\u00f3, defecte de demora en l\u2019operaci\u00f3 de transmissi\u00f3, fallada del sistema o l\u00ednia, aix\u00ed como en el contingut, exactitud i opinions expressades i altres connexions subministrades per \u00a0aquests medis.<\/p>\n<p>Aspanide no garanteix la licitud, fiabilitat i utilitat dels Continguts, ni tampoc garanteix la veracitat, exactitud, exhaustivitat i actualitat dels Continguts.<\/p>\n<p>Esta Web pot establir enlla\u00e7os a altres p\u00e0gines Web que pertanyen a tercers sobre els que Aspanide no tenen control algun. En aquests sup\u00f2sits la fundaci\u00f3 no assumeix responsabilitat alguna ni comprom\u00eds sobre la informaci\u00f3 continguda en aquestes p\u00e0gines ni dels serveis o productes que en elles s&#8217;inclogui o ofereix.<\/p>\n<p>En cas de que una autoritat judicial comuniqui a Aspanide o aquestes tingui coneixement efectiu de l\u2019exist\u00e8ncia d\u2019una informaci\u00f3 il\u00b7l\u00edcita continguda a la Web o que lesioni bens o drets d\u2019un tercer susceptible de indemnitzaci\u00f3, Aspanide col\u00b7laborar\u00e0 amb els organismes competents per la identificaci\u00f3 de les persones responsables d\u2019haver publicat la informaci\u00f3 il\u00b7l\u00edcita, i en tot cas, procedir\u00e0 a retirar tal informaci\u00f3 o fer impossible l\u2019acc\u00e9s de la mateixa.<\/p>\n<p><b>\u00a0<\/b><\/p>\n<p><b>7- POL\u00cdTICA DE PROTECCI\u00d3 DE DADES<\/b><\/p>\n<p>A trav\u00e9s del present av\u00eds, de Fundaci\u00f3 Privada Aspanide informa als seus usuaris del website sobre la seva pol\u00edtica de protecci\u00f3 de dades personals amb la finalitat de que aquests decideixen de forma expressa, lliure i volunt\u00e0ria, si desitgen facilitar a Aspanide les dades personals que li s\u00f3n sol\u00b7licitats en el website per la prestaci\u00f3 dels seus serveis.<\/p>\n<p><span style=\"text-decoration: underline;\">Responsable<\/span>: <b>Fundaci\u00f3 Privada Aspanide <\/b>&#8211; NIF: G61852802. Dir. postal: C\/ N\u00e0pols 41 3\u00aa , 08921, Sta. Coloma de Gramenet, Barcelona &#8211; Tel\u00e8fon: 933911560 &#8211; Correu electr\u00f2nic: <a href=\"mailto:administracio@aspanide.org\">administracio@aspanide.org<\/a> .<\/p>\n<p>En nom de la Fundaci\u00f3, tractem la informaci\u00f3 que ens facilita amb la finalitat d\u2019atendre les sol\u00b7licituds de informaci\u00f3 del formulari de contacte. Les dades proporcionades es conservaran mentre es mantingui la relaci\u00f3 professional o durant els anys necessaris per complir amb les obligacions legals. Les dades no es cediran a tercers excepte en el casos que existeixi una obligaci\u00f3 legal. Vost\u00e8 t\u00e9 dret a \u00a0obtenir confirmaci\u00f3 sobre si a Fundaci\u00f3 Privada Aspanide estem tractant les seves dades personals per tant t\u00e9 dret a accedir a les seves dades personals, rectificar les dades inexactes o sol\u00b7licitar la seva supressi\u00f3 quan les dades ja no siguin necessaris dirigint-se per escrit al responsable al correu electr\u00f2nic <a href=\"mailto:administracio@aspanide.org\">administracio@aspanide.org<\/a> .<\/p>\n<p>Fundaci\u00f3 Privada Aspanide, adverteix a l\u2019usuari de la utilizaci\u00f3 de cookies quan l\u2019usuari navega per la p\u00e0gina Web <b><span style=\"text-decoration: underline;\"><a href=\"file:\/\/\/C:\/Users\/Leyes\/LSSICE\/Cookies\/Pol%C3%ADtica%20de%20cookies%202.docx\">Pol\u00edtica de cookies<\/a><\/span><\/b><\/p>\n<p>Les dades que es sol\u00b7liciten s\u00f3n los adequades, pertinents i no excessives en relaci\u00f3 amb l\u2019\u00e0mbit, les finalitats i serveis determinats, expl\u00edcits i leg\u00edtims de la fundaci\u00f3. L\u2019usuari haur\u00e0 d\u2019omplir els formularis amb dades verdaderes, exactes, completes i actualitzades, responent dels danys i perjudicis que pogu\u00e9s ocasionar a causa de la complementaci\u00f3 defectuosa del formulari amb dades falses, inexactes, incomplets o no actualitzats.<\/p>\n<p>Aspanide ha adoptat les mesures t\u00e8cniques i organitzatives necess\u00e0ries per evitar la p\u00e8rdua, mal \u00fas, alteraci\u00f3, acc\u00e9s no autoritzat i dem\u00e9s riscos possibles.<\/p>\n<p>Igualment, Aspanide s\u2019obliga a complir amb la obligaci\u00f3 de secret respecte de les dades continguts en els fitxers segons l\u2019establert a la legislaci\u00f3 de protecci\u00f3 de dades aplicable. En particular, Aspanide informa que ha subscrit els pertinents acords de confidencialitat i protecci\u00f3 de dades amb tercers que tenen acc\u00e9s a dades personals responsabilitat de la fundaci\u00f3 per la prestaci\u00f3 d\u2019un servei a aquesta.<\/p>\n<p>&nbsp;<\/p>\n<p><b>8- DURACI\u00d3<\/b><\/p>\n<p>Aspanide podr\u00e0 interrompre el servei de la Web no obstant, est\u00e0 autoritzada a donar per terminada o suspendre la prestaci\u00f3 dels Serveis en qualsevol moment. Quan aix\u00f2 sigui raonablement possible, Aspanide advertir\u00e0 pr\u00e8viament la terminaci\u00f3 o suspensi\u00f3 de la prestaci\u00f3 dels seus serveis de la Web.<\/p>\n<p><b>\u00a0<\/b><b>\u00a0<\/b><\/p>\n<p><b>9- JURISDICCI\u00d3<\/b><\/p>\n<p>Les parts, amb expressa ren\u00fancia de seu propi fur, accepten com legislaci\u00f3 rectora del present contracte, l\u2019espanyola, i es sotmeten para la resoluci\u00f3 de quants litigis pogu\u00e9s derivar-se del mateix als Jutjats i Tribunals de Barcelona.<\/p>\n<p><b>\u00a0<\/b><b>\u00a0<\/b><\/p>\n<p><b>10- LEGISLACI\u00d3<\/b><\/p>\n<p>Les presents Condicions Generals es regeixen per les lleis espanyoles.<\/p>\n<p>&nbsp;<\/p>\n","protected":false},"excerpt":{"rendered":"<p>AV\u00cdS LEGAL DE LA WEB http:\/\/aspanide.org 1&#8211; CONDICIONS GENERALS D\u2019 \u00daS DE LA WEB I LA SEVA ACCEPTACI\u00d3 El present av\u00eds (d\u2019ara endavant, \u00abAv\u00eds Legal\u00bb) regula l\u2019\u00fas del servei d\u2019acc\u00e9s i utilitzaci\u00f3 de la Web que Fundaci\u00f3 Privada Aspanide posa a la seva disposici\u00f3. Fundaci\u00f3 Privada Aspanide, en tant que responsable de la Web informa&hellip; <br \/> <a class=\"read-more\" href=\"https:\/\/aspanide.org\/index.php\/avis-legal\/\">Leer m\u00e1s<\/a><\/p>\n","protected":false},"author":1,"featured_media":0,"parent":0,"menu_order":0,"comment_status":"closed","ping_status":"closed","template":"","meta":{"footnotes":""},"class_list":["post-2417","page","type-page","status-publish","hentry"],"_links":{"self":[{"href":"https:\/\/aspanide.org\/index.php\/wp-json\/wp\/v2\/pages\/2417"}],"collection":[{"href":"https:\/\/aspanide.org\/index.php\/wp-json\/wp\/v2\/pages"}],"about":[{"href":"https:\/\/aspanide.org\/index.php\/wp-json\/wp\/v2\/types\/page"}],"author":[{"embeddable":true,"href":"https:\/\/aspanide.org\/index.php\/wp-json\/wp\/v2\/users\/1"}],"replies":[{"embeddable":true,"href":"https:\/\/aspanide.org\/index.php\/wp-json\/wp\/v2\/comments?post=2417"}],"version-history":[{"count":11,"href":"https:\/\/aspanide.org\/index.php\/wp-json\/wp\/v2\/pages\/2417\/revisions"}],"predecessor-version":[{"id":2813,"href":"https:\/\/aspanide.org\/index.php\/wp-json\/wp\/v2\/pages\/2417\/revisions\/2813"}],"wp:attachment":[{"href":"https:\/\/aspanide.org\/index.php\/wp-json\/wp\/v2\/media?parent=2417"}],"curies":[{"name":"wp","href":"https:\/\/api.w.org\/{rel}","templated":true}]}}