{"id":4044,"date":"2024-01-15T20:08:27","date_gmt":"2024-01-15T19:08:27","guid":{"rendered":"https:\/\/aspanide.org\/index.php\/?page_id=4044"},"modified":"2024-07-17T11:03:45","modified_gmt":"2024-07-17T10:03:45","slug":"canal-denuncias","status":"publish","type":"page","link":"https:\/\/aspanide.org\/index.php\/canal-denuncias\/","title":{"rendered":"Canal denuncias"},"content":{"rendered":"\n<figure class=\"wp-block-table\"><table><tbody><tr><td>Bienvenidos al Canal de denuncias de la Fundaci\u00f3n Aspanide.<br><br><strong>A trav\u00e9s de esta web y mediante el siguiente formulario se pueden trasladar las comunicaciones y denuncias que se consideren oportunas:<br><\/strong><br>\n<div class=\"wpcf7 no-js\" id=\"wpcf7-f4045-o1\" lang=\"es-ES\" dir=\"ltr\" data-wpcf7-id=\"4045\">\n<div class=\"screen-reader-response\"><p role=\"status\" aria-live=\"polite\" aria-atomic=\"true\"><\/p> <ul><\/ul><\/div>\n<form action=\"\/index.php\/wp-json\/wp\/v2\/pages\/4044#wpcf7-f4045-o1\" method=\"post\" class=\"wpcf7-form init\" aria-label=\"Formulario de contacto\" novalidate=\"novalidate\" data-status=\"init\">\n<div style=\"display: none;\">\n<input type=\"hidden\" name=\"_wpcf7\" value=\"4045\" \/>\n<input type=\"hidden\" name=\"_wpcf7_version\" value=\"6.0.6\" \/>\n<input type=\"hidden\" name=\"_wpcf7_locale\" value=\"es_ES\" \/>\n<input type=\"hidden\" name=\"_wpcf7_unit_tag\" value=\"wpcf7-f4045-o1\" \/>\n<input type=\"hidden\" name=\"_wpcf7_container_post\" value=\"0\" \/>\n<input type=\"hidden\" name=\"_wpcf7_posted_data_hash\" value=\"\" \/>\n<input type=\"hidden\" name=\"_wpcf7_recaptcha_response\" value=\"\" \/>\n<\/div>\n<p><label> Nombre y Apellidos (Obligatorio)<br \/>\n<span class=\"wpcf7-form-control-wrap\" data-name=\"your-name\"><input size=\"40\" maxlength=\"400\" class=\"wpcf7-form-control wpcf7-text wpcf7-validates-as-required\" autocomplete=\"name\" aria-required=\"true\" aria-invalid=\"false\" value=\"\" type=\"text\" name=\"your-name\" \/><\/span> <\/label>\n<\/p>\n<p><label> Correo electr\u00f3nico (Obligatorio)<br \/>\n<span class=\"wpcf7-form-control-wrap\" data-name=\"your-email\"><input size=\"40\" maxlength=\"400\" class=\"wpcf7-form-control wpcf7-email wpcf7-validates-as-required wpcf7-text wpcf7-validates-as-email\" autocomplete=\"email\" aria-required=\"true\" aria-invalid=\"false\" value=\"\" type=\"email\" name=\"your-email\" \/><\/span> <\/label>\n<\/p>\n<p><label> Tel\u00e9fono<br \/>\n<span class=\"wpcf7-form-control-wrap\" data-name=\"your-phone\"><input size=\"40\" maxlength=\"400\" class=\"wpcf7-form-control wpcf7-text\" aria-invalid=\"false\" value=\"\" type=\"text\" name=\"your-phone\" \/><\/span> <\/label>\n<\/p>\n<p><label> Asunto (Obligatorio)<br \/>\n<span class=\"wpcf7-form-control-wrap\" data-name=\"your-subject\"><input size=\"40\" maxlength=\"400\" class=\"wpcf7-form-control wpcf7-text wpcf7-validates-as-required\" aria-required=\"true\" aria-invalid=\"false\" value=\"\" type=\"text\" name=\"your-subject\" \/><\/span> <\/label>\n<\/p>\n<p><label> Descripci\u00f3n de la irregularidad (Obligatorio)<br \/>\n<span class=\"wpcf7-form-control-wrap\" data-name=\"your-message\"><textarea cols=\"40\" rows=\"10\" maxlength=\"2000\" class=\"wpcf7-form-control wpcf7-textarea wpcf7-validates-as-required\" aria-required=\"true\" aria-invalid=\"false\" name=\"your-message\"><\/textarea><\/span> <\/label>\n<\/p>\n<p>Aceptaci\u00f3n de pol\u00edtica de datos <span class=\"wpcf7-form-control-wrap\" data-name=\"acceptance-597\"><span class=\"wpcf7-form-control wpcf7-acceptance\"><span class=\"wpcf7-list-item\"><input type=\"checkbox\" name=\"acceptance-597\" value=\"1\" aria-invalid=\"false\" \/><\/span><\/span><\/span>\n<\/p>\n<p><input class=\"wpcf7-form-control wpcf7-submit has-spinner\" type=\"submit\" value=\"Enviar\" \/>\n<\/p><p style=\"display: none !important;\" class=\"akismet-fields-container\" data-prefix=\"_wpcf7_ak_\"><label>&#916;<textarea name=\"_wpcf7_ak_hp_textarea\" cols=\"45\" rows=\"8\" maxlength=\"100\"><\/textarea><\/label><input type=\"hidden\" id=\"ak_js_1\" name=\"_wpcf7_ak_js\" value=\"38\"\/><script>document.getElementById( \"ak_js_1\" ).setAttribute( \"value\", ( new Date() ).getTime() );<\/script><\/p><div class=\"wpcf7-response-output\" aria-hidden=\"true\"><\/div>\n<\/form>\n<\/div>\n<\/td><\/tr><tr><td><strong>Responsable: Fundaci\u00f3n Privada Aspanide &#8211; NIF: G61852802.<\/strong> Dir. postal: C\/ N\u00e0pols 41 3\u00aa , 08921, Sta. Coloma de Gramenet, Barcelona &#8211; Tel\u00e9fono: 933911560 &#8211; Correo electr\u00f3nico: <a href=\"mailto:administracio@aspanide.org\">administracio@aspanide.org<\/a>.<br>En nombre de la Fundaci\u00f3n, tratamos la informaci\u00f3n que nos facilita con la finalidad atender las solicitudes de informaci\u00f3n del formulario de contacto. Los datos proporcionados se conservar\u00e1n mientras se mantenga la relaci\u00f3n profesional o durante los a\u00f1os necesarios para cumplir con las obligaciones legales. Los datos no se ceder\u00e1n a terceros salvo en los casos en que exista una obligaci\u00f3n legal. Usted tiene derecho a obtener confirmaci\u00f3n sobre si en Fundaci\u00f3n Privada Aspanide estamos tratando sus datos personales por tanto tiene derecho a acceder a sus datos personales, rectificar los datos inexactos o solicitar su supresi\u00f3n cuando los datos ya no sean necesarios dirigi\u00e9ndose por escrito al responsable al correo electr\u00f3nico administracio@aspanide.org .<\/td><\/tr><\/tbody><\/table><\/figure>\n\n\n\n<p>Puede consultar nuestro Reglamento de denuncias <strong>AQUI.<\/strong><\/p>\n\n\n\n<div data-wp-interactive=\"core\/file\" class=\"wp-block-file\"><object data-wp-bind--hidden=\"!state.hasPdfPreview\"  class=\"wp-block-file__embed\" data=\"https:\/\/aspanide.org\/wp-content\/uploads\/2024\/01\/Reglamento-canal-de-denuncias-Fundacion-Privada-ASPANIDE-diciembre-2023-Version-Definitiva.pdf\" type=\"application\/pdf\" style=\"width:100%;height:600px\" aria-label=\"Incrustado de Reglamento-canal-de-denuncias-Fundacion-Privada-ASPANIDE-diciembre-2023-Version-Definitiva.\"><\/object><a id=\"wp-block-file--media-ce5d7144-cde1-4a41-9da4-faedddf64078\" href=\"https:\/\/aspanide.org\/wp-content\/uploads\/2024\/01\/Reglamento-canal-de-denuncias-Fundacion-Privada-ASPANIDE-diciembre-2023-Version-Definitiva.pdf\">Reglamento-canal-de-denuncias-Fundacion-Privada-ASPANIDE-diciembre-2023-Version-Definitiva<\/a><a href=\"https:\/\/aspanide.org\/wp-content\/uploads\/2024\/01\/Reglamento-canal-de-denuncias-Fundacion-Privada-ASPANIDE-diciembre-2023-Version-Definitiva.pdf\" class=\"wp-block-file__button wp-element-button\" download aria-describedby=\"wp-block-file--media-ce5d7144-cde1-4a41-9da4-faedddf64078\">Descarga<\/a><\/div>\n","protected":false},"excerpt":{"rendered":"<p>Bienvenidos al Canal de denuncias de la Fundaci\u00f3n Aspanide. A trav\u00e9s de esta web y mediante el siguiente formulario se pueden trasladar las comunicaciones y denuncias que se consideren oportunas: Responsable: Fundaci\u00f3n Privada Aspanide &#8211; NIF: G61852802. Dir. postal: C\/ N\u00e0pols 41 3\u00aa , 08921, Sta. Coloma de Gramenet, Barcelona &#8211; Tel\u00e9fono: 933911560 &#8211; Correo&hellip; <br \/> <a class=\"read-more\" href=\"https:\/\/aspanide.org\/index.php\/canal-denuncias\/\">Leer m\u00e1s<\/a><\/p>\n","protected":false},"author":1,"featured_media":0,"parent":0,"menu_order":0,"comment_status":"closed","ping_status":"closed","template":"","meta":{"footnotes":""},"class_list":["post-4044","page","type-page","status-publish","hentry"],"_links":{"self":[{"href":"https:\/\/aspanide.org\/index.php\/wp-json\/wp\/v2\/pages\/4044"}],"collection":[{"href":"https:\/\/aspanide.org\/index.php\/wp-json\/wp\/v2\/pages"}],"about":[{"href":"https:\/\/aspanide.org\/index.php\/wp-json\/wp\/v2\/types\/page"}],"author":[{"embeddable":true,"href":"https:\/\/aspanide.org\/index.php\/wp-json\/wp\/v2\/users\/1"}],"replies":[{"embeddable":true,"href":"https:\/\/aspanide.org\/index.php\/wp-json\/wp\/v2\/comments?post=4044"}],"version-history":[{"count":7,"href":"https:\/\/aspanide.org\/index.php\/wp-json\/wp\/v2\/pages\/4044\/revisions"}],"predecessor-version":[{"id":4270,"href":"https:\/\/aspanide.org\/index.php\/wp-json\/wp\/v2\/pages\/4044\/revisions\/4270"}],"wp:attachment":[{"href":"https:\/\/aspanide.org\/index.php\/wp-json\/wp\/v2\/media?parent=4044"}],"curies":[{"name":"wp","href":"https:\/\/api.w.org\/{rel}","templated":true}]}}