{"id":4057,"date":"2024-02-20T10:54:33","date_gmt":"2024-02-20T09:54:33","guid":{"rendered":"https:\/\/aspanide.org\/index.php\/?page_id=4057"},"modified":"2024-07-17T12:18:41","modified_gmt":"2024-07-17T11:18:41","slug":"residencia","status":"publish","type":"page","link":"https:\/\/aspanide.org\/index.php\/fundacio\/serveis\/residencia\/","title":{"rendered":"Resid\u00e8ncia"},"content":{"rendered":"\n<p class=\"has-large-font-size\"><strong>Resid\u00e8ncia<\/strong><\/p>\n\n\n\n<p><br>La resid\u00e8ncia \u00e9s un servei d\u2019acollida residencial amb car\u00e0cter permanent o temporal, que t\u00e9 una funci\u00f3 suBstitut\u00f2ria de la llar, adequada per a acollir a persones amb discapacitat intel\u00b7lectual amb una necessitat de suport generalitzat o extens amb possible trastorn de conducta associat. Treballem per a:<\/p>\n\n\n\n<div class=\"wp-block-media-text alignwide has-media-on-the-right is-stacked-on-mobile\" style=\"grid-template-columns:auto 25%\"><div class=\"wp-block-media-text__content\">\n<ul id=\"block-520cd895-e36a-4e9d-bc3a-1b953220a1fc\" class=\"wp-block-list\">\n<li>Oferir atenci\u00f3 global a les persones ateses<\/li>\n\n\n\n<li>Rehabilitar i habilitar a les persones ateses<\/li>\n\n\n\n<li>Constituir el seu domicili habitual<\/li>\n\n\n\n<li>Aplicaci\u00f3 d\u2019un programa de suport personal i social.<\/li>\n\n\n\n<li>Assist\u00e8ncia m\u00e8dica sanit\u00e0ria<\/li>\n\n\n\n<li>Suport psicol\u00f2gic i social<\/li>\n\n\n\n<li>Allotjament<\/li>\n\n\n\n<li>Acollida i conviv\u00e8ncia<\/li>\n\n\n\n<li>Manutenci\u00f3<\/li>\n<\/ul>\n<\/div><figure class=\"wp-block-media-text__media\"><img loading=\"lazy\" decoding=\"async\" width=\"224\" height=\"220\" src=\"https:\/\/aspanide.org\/wp-content\/uploads\/2024\/07\/01.jpg\" alt=\"\" class=\"wp-image-4279 size-full\"\/><\/figure><\/div>\n\n\n\n<h3 class=\"wp-block-heading\">Llars Residencias<\/h3>\n\n\n\n<p>Les llars resid\u00e8ncies s\u00f3n equipaments d\u2019acollida residencial, de car\u00e0cter temporal o permanent, dirigits a persones amb un grau de discapacitat intel\u00b7lectual igual o superior al 33% que necessiten la provisi\u00f3 d\u2019un servei substitutori de la seva llar pel fet de ser impossible o desaconsellable viure en la seva pr\u00f2pia. Treballem per:<\/p>\n\n\n\n<div class=\"wp-block-media-text alignwide has-media-on-the-right is-stacked-on-mobile\" style=\"grid-template-columns:auto 28%\"><div class=\"wp-block-media-text__content\">\n<ul id=\"block-7f5f6204-7390-4324-b03b-ef61d1a214dd\" class=\"wp-block-list\">\n<li>Oferir atenci\u00f3 global a les persones ateses.<\/li>\n\n\n\n<li>Rehabilitar i habilitar a les persones ateses.<\/li>\n\n\n\n<li>Constituir el seu domicili habitual.<\/li>\n\n\n\n<li>Allotjament.<\/li>\n\n\n\n<li>Acollida i conviv\u00e8ncia.<\/li>\n\n\n\n<li>Manutenci\u00f3.<\/li>\n\n\n\n<li>Atenci\u00f3 personal.<\/li>\n<\/ul>\n<\/div><figure class=\"wp-block-media-text__media\"><img loading=\"lazy\" decoding=\"async\" width=\"245\" height=\"241\" src=\"https:\/\/aspanide.org\/wp-content\/uploads\/2024\/07\/02.jpg\" alt=\"\" class=\"wp-image-4278 size-full\"\/><\/figure><\/div>\n","protected":false},"excerpt":{"rendered":"<p>Resid\u00e8ncia La resid\u00e8ncia \u00e9s un servei d\u2019acollida residencial amb car\u00e0cter permanent o temporal, que t\u00e9 una funci\u00f3 suBstitut\u00f2ria de la llar, adequada per a acollir a persones amb discapacitat intel\u00b7lectual amb una necessitat de suport generalitzat o extens amb possible trastorn de conducta associat. Treballem per a: Llars Residencias Les llars resid\u00e8ncies s\u00f3n equipaments d\u2019acollida&hellip; <br \/> <a class=\"read-more\" href=\"https:\/\/aspanide.org\/index.php\/fundacio\/serveis\/residencia\/\">Leer m\u00e1s<\/a><\/p>\n","protected":false},"author":1,"featured_media":0,"parent":76,"menu_order":0,"comment_status":"closed","ping_status":"closed","template":"","meta":{"footnotes":""},"class_list":["post-4057","page","type-page","status-publish","hentry"],"_links":{"self":[{"href":"https:\/\/aspanide.org\/index.php\/wp-json\/wp\/v2\/pages\/4057"}],"collection":[{"href":"https:\/\/aspanide.org\/index.php\/wp-json\/wp\/v2\/pages"}],"about":[{"href":"https:\/\/aspanide.org\/index.php\/wp-json\/wp\/v2\/types\/page"}],"author":[{"embeddable":true,"href":"https:\/\/aspanide.org\/index.php\/wp-json\/wp\/v2\/users\/1"}],"replies":[{"embeddable":true,"href":"https:\/\/aspanide.org\/index.php\/wp-json\/wp\/v2\/comments?post=4057"}],"version-history":[{"count":13,"href":"https:\/\/aspanide.org\/index.php\/wp-json\/wp\/v2\/pages\/4057\/revisions"}],"predecessor-version":[{"id":4295,"href":"https:\/\/aspanide.org\/index.php\/wp-json\/wp\/v2\/pages\/4057\/revisions\/4295"}],"up":[{"embeddable":true,"href":"https:\/\/aspanide.org\/index.php\/wp-json\/wp\/v2\/pages\/76"}],"wp:attachment":[{"href":"https:\/\/aspanide.org\/index.php\/wp-json\/wp\/v2\/media?parent=4057"}],"curies":[{"name":"wp","href":"https:\/\/api.w.org\/{rel}","templated":true}]}}