{"id":4233,"date":"2024-02-21T21:09:32","date_gmt":"2024-02-21T20:09:32","guid":{"rendered":"https:\/\/aspanide.org\/index.php\/?page_id=4233"},"modified":"2024-02-21T21:15:14","modified_gmt":"2024-02-21T20:15:14","slug":"historia","status":"publish","type":"page","link":"https:\/\/aspanide.org\/index.php\/fundacio-espanol\/historia\/","title":{"rendered":"Historia"},"content":{"rendered":"\n<ul>\n \t<li style=\"text-align: left;\"><strong><span style=\"color: #339966;\">1970<\/span><\/strong>: Constituci\u00f3n Asociaci\u00f3n ASPANIDE.<\/li>\n \t<li style=\"text-align: left;\"><span style=\"color: #339966;\"><strong>1972<\/strong><\/span>: Primera Escuela de Educaci\u00f3n Especial<\/li>\n \t<li style=\"text-align: left;\"><strong><span style=\"color: #339966;\">1976<\/span><\/strong>: Primera Fase del Taller Ocupacional.<\/li>\n \t<li style=\"text-align: left;\"><strong><span style=\"color: #339966;\">1977<\/span><\/strong>: Declarada de utilidad p\u00fablica<\/li>\n \t<li style=\"text-align: left;\"><strong><span style=\"color: #339966;\">1982<\/span><\/strong>: La entidad gestiona la Escuela de Educaci\u00f3n Especial Josep Sol,e inaugura el Centro de Rehabilitaci\u00f3n Infantil.<\/li>\n \t<li style=\"text-align: left;\"><strong><span style=\"color: #339966;\">1986<\/span><\/strong>: Inauguraci\u00f3n de la Residencia \u201cLa Torre\u201d<\/li>\n \t<li style=\"text-align: left;\"><strong><span style=\"color: #339966;\">1988<\/span><\/strong>: El Ayuntamiento otorga a la Entidad el premio Ciutat de Santa Coloma y cede una superficie de 2340 m2 para la creaci\u00f3n de Talleres.<\/li>\n \t<li style=\"text-align: left;\"><strong><span style=\"color: #339966;\">1989<\/span><\/strong>: Se gestiona y se pone en marcha los Talleres de la c\/San Carlos.<\/li>\n \t<li style=\"text-align: left;\"><strong><span style=\"color: #339966;\">1990<\/span><\/strong>: Inauguraci\u00f3n del Centro de D\u00eda.<\/li>\n \t<li style=\"text-align: left;\"><strong><span style=\"color: #339966;\">1993<\/span><\/strong>: Inauguraci\u00f3n del CET y CO de la c\/ Almog\u00e1vares.<\/li>\n \t<li style=\"text-align: left;\"><strong><span style=\"color: #339966;\">1994<\/span><\/strong>: Firma del Convenio Urban\u00edstico con el Ayuntamiento de Santa Coloma.<\/li>\n \t<li style=\"text-align: left;\"><strong><span style=\"color: #339966;\">1996<\/span><\/strong>: Inauguraci\u00f3n de la Residencia y Centro de D\u00eda ubicados en la calle Beethoven, 43<\/li>\n \t<li style=\"text-align: left;\"><strong><span style=\"color: #339966;\">1998: Constituci\u00f3n de la Fundaci\u00f3n ASPANIDE<\/span><\/strong>.<\/li>\n \t<li style=\"text-align: left;\"><strong><span style=\"color: #339966;\">1999<\/span><\/strong>: Inauguraci\u00f3n del nuevo Centro de Desarrollo Infantil y Atenci\u00f3n Precoz y adquisici\u00f3n de un piso de 210 m2 para la creaci\u00f3n de un Hogar-Residencia. El Ayuntamiento se compromete a destinar un solar para la creaci\u00f3n de un nuevo taller.<\/li>\n \t<li style=\"text-align: left;\"><strong><span style=\"color: #339966;\">2000<\/span><\/strong>: La Fundaci\u00f3n asume el patrimonio y la gesti\u00f3n de los centros de la asociaci\u00f3n. Inauguraci\u00f3n de la llar residencia.<\/li>\n \t<li style=\"text-align: left;\"><strong><span style=\"color: #339966;\">2001<\/span><\/strong>: El Ayuntamiento cede el uso de un local de 206 m 2 \u00a0para la ampliaci\u00f3n del centre de atenci\u00f3n especializada diurna.<\/li>\n \t<li style=\"text-align: left;\"><strong><span style=\"color: #339966;\">2005<\/span><\/strong>: Se inauguran las nuevas instalaciones para el Centro de Atenci\u00f3n Especializada diurna.<\/li>\n \t<li style=\"text-align: left;\"><strong><span style=\"color: #339966;\">2008<\/span><\/strong>: Se pone la primera piedra del nuevo edificio donde se ubicaran dos pisos asistidos por 24 usuarios y las oficinas de la Fundaci\u00f3n.<\/li>\n \t<li style=\"text-align: left;\"><strong><span style=\"color: #339966;\">2012<\/span><\/strong>: Traslado de las oficinas de la Fundaci\u00f3n al nuevo edificio de la C\/. N\u00e1poles, 41.<\/li>\n \t<li style=\"text-align: left;\"><strong><span style=\"color: #339966;\">2011<\/span><\/strong>: Finalizaci\u00f3n obras pisos asistidos.<\/li>\n \t<li style=\"text-align: left;\"><strong><span style=\"color: #339966;\">2016<\/span><\/strong>: Inauguraci\u00f3n de la nueva Llar-Residencia II en la c\/ N\u00e1poles, 41.<\/li>\n<\/ul>\n\n","protected":false},"excerpt":{"rendered":"<p>1970: Constituci\u00f3n Asociaci\u00f3n ASPANIDE. 1972: Primera Escuela de Educaci\u00f3n Especial 1976: Primera Fase del Taller Ocupacional. 1977: Declarada de utilidad p\u00fablica 1982: La entidad gestiona la Escuela de Educaci\u00f3n Especial Josep Sol,e inaugura el Centro de Rehabilitaci\u00f3n Infantil. 1986: Inauguraci\u00f3n de la Residencia \u201cLa Torre\u201d 1988: El Ayuntamiento otorga a la Entidad el premio Ciutat&hellip; <br \/> <a class=\"read-more\" href=\"https:\/\/aspanide.org\/index.php\/fundacio-espanol\/historia\/\">Leer m\u00e1s<\/a><\/p>\n","protected":false},"author":1,"featured_media":0,"parent":4226,"menu_order":0,"comment_status":"closed","ping_status":"closed","template":"","meta":{"footnotes":""},"class_list":["post-4233","page","type-page","status-publish","hentry"],"_links":{"self":[{"href":"https:\/\/aspanide.org\/index.php\/wp-json\/wp\/v2\/pages\/4233"}],"collection":[{"href":"https:\/\/aspanide.org\/index.php\/wp-json\/wp\/v2\/pages"}],"about":[{"href":"https:\/\/aspanide.org\/index.php\/wp-json\/wp\/v2\/types\/page"}],"author":[{"embeddable":true,"href":"https:\/\/aspanide.org\/index.php\/wp-json\/wp\/v2\/users\/1"}],"replies":[{"embeddable":true,"href":"https:\/\/aspanide.org\/index.php\/wp-json\/wp\/v2\/comments?post=4233"}],"version-history":[{"count":1,"href":"https:\/\/aspanide.org\/index.php\/wp-json\/wp\/v2\/pages\/4233\/revisions"}],"predecessor-version":[{"id":4234,"href":"https:\/\/aspanide.org\/index.php\/wp-json\/wp\/v2\/pages\/4233\/revisions\/4234"}],"up":[{"embeddable":true,"href":"https:\/\/aspanide.org\/index.php\/wp-json\/wp\/v2\/pages\/4226"}],"wp:attachment":[{"href":"https:\/\/aspanide.org\/index.php\/wp-json\/wp\/v2\/media?parent=4233"}],"curies":[{"name":"wp","href":"https:\/\/api.w.org\/{rel}","templated":true}]}}