{"id":4357,"date":"2024-07-24T08:47:37","date_gmt":"2024-07-24T07:47:37","guid":{"rendered":"https:\/\/aspanide.org\/index.php\/?page_id=4357"},"modified":"2024-07-24T08:53:03","modified_gmt":"2024-07-24T07:53:03","slug":"col%c2%b7labora","status":"publish","type":"page","link":"https:\/\/aspanide.org\/index.php\/col%c2%b7labora\/","title":{"rendered":"COL\u00b7LABORA"},"content":{"rendered":"\n<p class=\"has-text-align-center has-medium-font-size\"><strong>Col\u00b7labora amb nosaltres<\/strong><\/p>\n\n\n\n<p>La Fundaci\u00f3 ASPANIDE \u00e9s una entitat privada sense afany de lucre que gestiona serveis dirigits a fomentar l\u2019assist\u00e8ncia, recuperaci\u00f3 i ensenyament d\u2019infants i persones adultes amb discapacitat intel\u00b7lectual. Ha impulsat i gestionat diferents serveis per a aconseguir aquest objectiu, dins del municipi de Santa Coloma de Gramenet, configurant-se com un referent dins d\u2019aquest col\u00b7lectiu en aquest territori.<\/p>\n\n\n\n<p>La Fundaci\u00f3 gestiona els nostres serveis amb recursos econ\u00f2mics provinents de l\u2019administraci\u00f3 auton\u00f2mica, per\u00f2 ens veiem obligats a cercar altres fonts de finan\u00e7ament donat que sempre estem en recerca de nous projectes a fi d\u2019assolir els nostres reptes i repercutir en el benestar de les nostres persones.<\/p>\n\n\n\n<p>Com voleu col\u00b7laborar amb nosaltres?<\/p>\n\n\n\n<ul class=\"wp-block-list\">\n<li>Donatius<\/li>\n\n\n\n<li>Her\u00e8ncies i legats. Monet\u00e0ria e immobles<\/li>\n\n\n\n<li>Patrocini empreses i organitzacions per nous projectes<\/li>\n<\/ul>\n\n\n\n<p>Contactar a trav\u00e9s del nostre correu <a href=\"mailto:administracio@aspanide.org\">administracio@aspanide.org<\/a><\/p>\n\n\n\n<p class=\"has-text-align-center\"><strong>TRANSFER\u00c8NCIA BANC\u00c0RIA<\/strong><\/p>\n\n\n\n<p>Pots fer una transfer\u00e8ncia banc\u00e0ria directament al compte de la Fundaci\u00f3:<\/p>\n\n\n\n<p><strong>BBVA&nbsp; &nbsp;&nbsp;&nbsp;&nbsp;&nbsp;&nbsp;&nbsp;&nbsp;&nbsp; ES51 0182 0835 220200069377<\/strong><\/p>\n\n\n\n<p><strong>La Caixa &nbsp;&nbsp;&nbsp;&nbsp;&nbsp;&nbsp; ES73 2100 3058 412200118246<\/strong><\/p>\n","protected":false},"excerpt":{"rendered":"<p>Col\u00b7labora amb nosaltres La Fundaci\u00f3 ASPANIDE \u00e9s una entitat privada sense afany de lucre que gestiona serveis dirigits a fomentar l\u2019assist\u00e8ncia, recuperaci\u00f3 i ensenyament d\u2019infants i persones adultes amb discapacitat intel\u00b7lectual. Ha impulsat i gestionat diferents serveis per a aconseguir aquest objectiu, dins del municipi de Santa Coloma de Gramenet, configurant-se com un referent dins&hellip; <br \/> <a class=\"read-more\" href=\"https:\/\/aspanide.org\/index.php\/col%c2%b7labora\/\">Leer m\u00e1s<\/a><\/p>\n","protected":false},"author":1,"featured_media":0,"parent":0,"menu_order":0,"comment_status":"closed","ping_status":"closed","template":"page-templates\/homepage.php","meta":{"footnotes":""},"class_list":["post-4357","page","type-page","status-publish","hentry"],"_links":{"self":[{"href":"https:\/\/aspanide.org\/index.php\/wp-json\/wp\/v2\/pages\/4357"}],"collection":[{"href":"https:\/\/aspanide.org\/index.php\/wp-json\/wp\/v2\/pages"}],"about":[{"href":"https:\/\/aspanide.org\/index.php\/wp-json\/wp\/v2\/types\/page"}],"author":[{"embeddable":true,"href":"https:\/\/aspanide.org\/index.php\/wp-json\/wp\/v2\/users\/1"}],"replies":[{"embeddable":true,"href":"https:\/\/aspanide.org\/index.php\/wp-json\/wp\/v2\/comments?post=4357"}],"version-history":[{"count":1,"href":"https:\/\/aspanide.org\/index.php\/wp-json\/wp\/v2\/pages\/4357\/revisions"}],"predecessor-version":[{"id":4358,"href":"https:\/\/aspanide.org\/index.php\/wp-json\/wp\/v2\/pages\/4357\/revisions\/4358"}],"wp:attachment":[{"href":"https:\/\/aspanide.org\/index.php\/wp-json\/wp\/v2\/media?parent=4357"}],"curies":[{"name":"wp","href":"https:\/\/api.w.org\/{rel}","templated":true}]}}