{"id":4372,"date":"2024-07-24T09:25:34","date_gmt":"2024-07-24T08:25:34","guid":{"rendered":"https:\/\/aspanide.org\/index.php\/?page_id=4372"},"modified":"2024-10-28T10:54:06","modified_gmt":"2024-10-28T09:54:06","slug":"treballa-amb-nosaltres","status":"publish","type":"page","link":"https:\/\/aspanide.org\/index.php\/treballa-amb-nosaltres\/","title":{"rendered":"TREBALLA AMB NOSALTRES"},"content":{"rendered":"\n<p class=\"has-text-align-center\"><strong>Treballa amb nosaltres<\/strong><\/p>\n\n\n\n<figure class=\"wp-block-table\"><table class=\"has-fixed-layout\"><tbody><tr><td>\n<div class=\"wpcf7 no-js\" id=\"wpcf7-f4375-o1\" lang=\"es-ES\" dir=\"ltr\" data-wpcf7-id=\"4375\">\n<div class=\"screen-reader-response\"><p role=\"status\" aria-live=\"polite\" aria-atomic=\"true\"><\/p> <ul><\/ul><\/div>\n<form action=\"\/index.php\/wp-json\/wp\/v2\/pages\/4372#wpcf7-f4375-o1\" method=\"post\" class=\"wpcf7-form init\" aria-label=\"Formulario de contacto\" enctype=\"multipart\/form-data\" novalidate=\"novalidate\" data-status=\"init\">\n<div style=\"display: none;\">\n<input type=\"hidden\" name=\"_wpcf7\" value=\"4375\" \/>\n<input type=\"hidden\" name=\"_wpcf7_version\" value=\"6.0.6\" \/>\n<input type=\"hidden\" name=\"_wpcf7_locale\" value=\"es_ES\" \/>\n<input type=\"hidden\" name=\"_wpcf7_unit_tag\" value=\"wpcf7-f4375-o1\" \/>\n<input type=\"hidden\" name=\"_wpcf7_container_post\" value=\"0\" \/>\n<input type=\"hidden\" name=\"_wpcf7_posted_data_hash\" value=\"\" \/>\n<input type=\"hidden\" name=\"_wpcf7_recaptcha_response\" value=\"\" \/>\n<\/div>\n<p><label> El teu nom<br \/>\n<span class=\"wpcf7-form-control-wrap\" data-name=\"your-name\"><input size=\"40\" maxlength=\"400\" class=\"wpcf7-form-control wpcf7-text wpcf7-validates-as-required\" autocomplete=\"name\" aria-required=\"true\" aria-invalid=\"false\" value=\"\" type=\"text\" name=\"your-name\" \/><\/span> <\/label>\n<\/p>\n<p><label> El teu correu electr\u00f2nic<br \/>\n<span class=\"wpcf7-form-control-wrap\" data-name=\"your-email\"><input size=\"40\" maxlength=\"400\" class=\"wpcf7-form-control wpcf7-email wpcf7-validates-as-required wpcf7-text wpcf7-validates-as-email\" autocomplete=\"email\" aria-required=\"true\" aria-invalid=\"false\" value=\"\" type=\"email\" name=\"your-email\" \/><\/span> <\/label>\n<\/p>\n<p><label> Tel\u00e8fon de contacte<br \/>\n<span class=\"wpcf7-form-control-wrap\" data-name=\"Telefon\"><input size=\"40\" maxlength=\"400\" class=\"wpcf7-form-control wpcf7-tel wpcf7-validates-as-required wpcf7-text wpcf7-validates-as-tel\" aria-required=\"true\" aria-invalid=\"false\" value=\"\" type=\"tel\" name=\"Telefon\" \/><\/span> <\/label>\n<\/p>\n<p><label> Adjunta el teu CV<br \/>\n<span class=\"wpcf7-form-control-wrap\" data-name=\"Adjunto\"><input size=\"40\" class=\"wpcf7-form-control wpcf7-file\" accept=\"audio\/*,video\/*,image\/*\" aria-invalid=\"false\" type=\"file\" name=\"Adjunto\" \/><\/span><\/label>\n<\/p>\n<p><label> Assumpte<br \/>\n<span class=\"wpcf7-form-control-wrap\" data-name=\"your-subject\"><input size=\"40\" maxlength=\"400\" class=\"wpcf7-form-control wpcf7-text wpcf7-validates-as-required\" aria-required=\"true\" aria-invalid=\"false\" value=\"\" type=\"text\" name=\"your-subject\" \/><\/span> <\/label>\n<\/p>\n<p><label> El teu missatge<br \/>\n<span class=\"wpcf7-form-control-wrap\" data-name=\"your-message\"><textarea cols=\"40\" rows=\"10\" maxlength=\"2000\" class=\"wpcf7-form-control wpcf7-textarea\" aria-invalid=\"false\" name=\"your-message\"><\/textarea><\/span> <\/label>\n<\/p>\n<p><input class=\"wpcf7-form-control wpcf7-submit has-spinner\" type=\"submit\" value=\"Enviar\" \/>\n<\/p><p style=\"display: none !important;\" class=\"akismet-fields-container\" data-prefix=\"_wpcf7_ak_\"><label>&#916;<textarea name=\"_wpcf7_ak_hp_textarea\" cols=\"45\" rows=\"8\" maxlength=\"100\"><\/textarea><\/label><input type=\"hidden\" id=\"ak_js_1\" name=\"_wpcf7_ak_js\" value=\"7\"\/><script>document.getElementById( \"ak_js_1\" ).setAttribute( \"value\", ( new Date() ).getTime() );<\/script><\/p><div class=\"wpcf7-response-output\" aria-hidden=\"true\"><\/div>\n<\/form>\n<\/div>\n<\/td><\/tr><tr><td><strong>Responsable: Fundaci\u00f3 Privada Aspanide &#8211; NIF: G61852802.<\/strong> Dir. postal: C\/ N\u00e0pols 41 3\u00aa , 08921, Sta. Coloma de Gramenet, Barcelona &#8211; Tel\u00e9fono: 933911560 &#8211; Correu electr\u00f2nic: <a href=\"mailto:administracio@aspanide.org\">administracio@aspanide.org<\/a>.<br>En nom de la Fundaci\u00f3, tractem la informaci\u00f3 que ens facilita amb la finalitat d\u2019atendre les sol\u00b7licituds d\u2019informaci\u00f3 del formulari de contacte. Les dades proporcionades es conservaran mentre es mantingui la relaci\u00f3 professional o durant els anys necessaris per complir amb les obligacions legals. Les dades no es cediran a tercers excepte en els casos en que existeixi una obligaci\u00f3 legal. Vost\u00e8 t\u00e9 dret a obtenir confirmaci\u00f3 sobre si a Fundaci\u00f3 Privada Aspanide estem tractant les seves dades personals per tant t\u00e9 dret a accedir als seus drets personals, rectificar les dades inexactes o sol\u00b7licitar la seva supressi\u00f3 quan les dades ja no siguin necessaris dirigint-se per escrit al responsable al correu electr\u00f2nic&nbsp;administracio@aspanide.org .<\/td><\/tr><\/tbody><\/table><\/figure>\n\n\n\n<p><\/p>\n","protected":false},"excerpt":{"rendered":"<p>Treballa amb nosaltres Responsable: Fundaci\u00f3 Privada Aspanide &#8211; NIF: G61852802. Dir. postal: C\/ N\u00e0pols 41 3\u00aa , 08921, Sta. Coloma de Gramenet, Barcelona &#8211; Tel\u00e9fono: 933911560 &#8211; Correu electr\u00f2nic: administracio@aspanide.org.En nom de la Fundaci\u00f3, tractem la informaci\u00f3 que ens facilita amb la finalitat d\u2019atendre les sol\u00b7licituds d\u2019informaci\u00f3 del formulari de contacte. Les dades proporcionades es&hellip; <br \/> <a class=\"read-more\" href=\"https:\/\/aspanide.org\/index.php\/treballa-amb-nosaltres\/\">Leer m\u00e1s<\/a><\/p>\n","protected":false},"author":1,"featured_media":0,"parent":0,"menu_order":0,"comment_status":"closed","ping_status":"closed","template":"","meta":{"footnotes":""},"class_list":["post-4372","page","type-page","status-publish","hentry"],"_links":{"self":[{"href":"https:\/\/aspanide.org\/index.php\/wp-json\/wp\/v2\/pages\/4372"}],"collection":[{"href":"https:\/\/aspanide.org\/index.php\/wp-json\/wp\/v2\/pages"}],"about":[{"href":"https:\/\/aspanide.org\/index.php\/wp-json\/wp\/v2\/types\/page"}],"author":[{"embeddable":true,"href":"https:\/\/aspanide.org\/index.php\/wp-json\/wp\/v2\/users\/1"}],"replies":[{"embeddable":true,"href":"https:\/\/aspanide.org\/index.php\/wp-json\/wp\/v2\/comments?post=4372"}],"version-history":[{"count":3,"href":"https:\/\/aspanide.org\/index.php\/wp-json\/wp\/v2\/pages\/4372\/revisions"}],"predecessor-version":[{"id":4409,"href":"https:\/\/aspanide.org\/index.php\/wp-json\/wp\/v2\/pages\/4372\/revisions\/4409"}],"wp:attachment":[{"href":"https:\/\/aspanide.org\/index.php\/wp-json\/wp\/v2\/media?parent=4372"}],"curies":[{"name":"wp","href":"https:\/\/api.w.org\/{rel}","templated":true}]}}