{"id":7,"date":"2014-01-13T18:16:03","date_gmt":"2014-01-13T17:16:03","guid":{"rendered":""},"modified":"2021-12-01T17:05:53","modified_gmt":"2021-12-01T16:05:53","slug":"fundacio","status":"publish","type":"page","link":"https:\/\/aspanide.org\/index.php\/fundacio\/","title":{"rendered":"Fundaci\u00f3"},"content":{"rendered":"<p><img loading=\"lazy\" decoding=\"async\" src=\"http:\/\/aspanide.org\/wp-content\/uploads\/2021\/06\/ASPANIDE_LOGO_TRANSP.png\" alt=\"\" width=\"300\" height=\"100\" \/><\/p>\n<h5>CAT<\/h5>\n<h5>ESP<\/h5>\n<p><a role=\"button\" href=\"#\"><br \/>\nQUI\u00c9NES SOMOS<br \/>\n<\/a><br \/>\n<a role=\"button\" href=\"#\"><br \/>\nNUESTROS CENTROS<br \/>\n<\/a><br \/>\n<a role=\"button\" href=\"#\"><br \/>\nCOLABORA<br \/>\n<\/a><br \/>\n<a role=\"button\" href=\"#\"><br \/>\nPARTICIPEM<br \/>\n<\/a><br \/>\n<a role=\"button\" href=\"#\"><br \/>\nACTUALIDAD<br \/>\n<\/a><br \/>\n<a role=\"button\" href=\"#\"><br \/>\nUBICACI\u00d3N Y CONTACTO<br \/>\n<\/a><\/p>\n<figure><\/figure>\n<figure><\/figure>\n<figure><\/figure>\n<figure><img decoding=\"async\" src=\"http:\/\/aspanide.org\/wp-content\/uploads\/2021\/06\/ASPANIDE_002-1024x546.jpg\" alt=\"OLYMPUS DIGITAL CAMERA\" \/><\/figure>\n<p>Anterior<br \/>\nSiguiente<\/p>\n<h2>A\u00f1ade aqu\u00ed tu texto de cabecera<\/h2>\n","protected":false},"excerpt":{"rendered":"<p>CAT ESP QUI\u00c9NES SOMOS NUESTROS CENTROS COLABORA PARTICIPEM ACTUALIDAD UBICACI\u00d3N Y CONTACTO Anterior Siguiente A\u00f1ade aqu\u00ed tu texto de cabecera<\/p>\n","protected":false},"author":1,"featured_media":0,"parent":0,"menu_order":0,"comment_status":"closed","ping_status":"closed","template":"","meta":{"footnotes":""},"class_list":["post-7","page","type-page","status-publish","hentry"],"_links":{"self":[{"href":"https:\/\/aspanide.org\/index.php\/wp-json\/wp\/v2\/pages\/7"}],"collection":[{"href":"https:\/\/aspanide.org\/index.php\/wp-json\/wp\/v2\/pages"}],"about":[{"href":"https:\/\/aspanide.org\/index.php\/wp-json\/wp\/v2\/types\/page"}],"author":[{"embeddable":true,"href":"https:\/\/aspanide.org\/index.php\/wp-json\/wp\/v2\/users\/1"}],"replies":[{"embeddable":true,"href":"https:\/\/aspanide.org\/index.php\/wp-json\/wp\/v2\/comments?post=7"}],"version-history":[{"count":60,"href":"https:\/\/aspanide.org\/index.php\/wp-json\/wp\/v2\/pages\/7\/revisions"}],"predecessor-version":[{"id":3095,"href":"https:\/\/aspanide.org\/index.php\/wp-json\/wp\/v2\/pages\/7\/revisions\/3095"}],"wp:attachment":[{"href":"https:\/\/aspanide.org\/index.php\/wp-json\/wp\/v2\/media?parent=7"}],"curies":[{"name":"wp","href":"https:\/\/api.w.org\/{rel}","templated":true}]}}