{"id":72,"date":"2014-01-16T16:10:03","date_gmt":"2014-01-16T15:10:03","guid":{"rendered":"http:\/\/ElDepartamentodeAdministraci\u00f3nest\u00e1vinculadoatodoslosserviciosquedependendeFundaci\u00f3nPrivadaAspanideysonelsoportedelos\u00f3rganosdegobiernodelPatronato.Est\u00e1divididoenel\u00c1reaAdministrativa,\u00c1realaboral,\u00c1reaContableyTesorer\u00eda,"},"modified":"2024-07-17T12:19:51","modified_gmt":"2024-07-17T11:19:51","slug":"administracio","status":"publish","type":"page","link":"https:\/\/aspanide.org\/index.php\/fundacio\/serveis\/administracio\/","title":{"rendered":"Administraci\u00f3"},"content":{"rendered":"\n<p class=\"has-large-font-size\"><strong>Administraci\u00f3<\/strong><\/p>\n\n\n\n<p>El Departament d\u2019Administraci\u00f3 est\u00e0 vinculat a tots els serveis que depenen de Fundaci\u00f3 Privada Aspanide i s\u00f3n el suport dels \u00f2rgans de govern Patronat. Est\u00e0 dividit en l\u2019\u00c0rea Administrativa, \u00c0rea laboral, \u00c0rea Comptable i Tresoreria, Relacions amb Administracions i \u00c0rees de suport als \u00f2rgans de govern. Aquestes \u00e0rees desenvolupen les funcions seg\u00fcents:&nbsp;<\/p>\n\n\n\n<h3 class=\"wp-block-heading\">\u00c0rea administrativa<\/h3>\n\n\n\n<ul class=\"wp-block-list\">\n<li>Atenci\u00f3 centraleta<\/li>\n\n\n\n<li>Acollida a les fam\u00edlies dels usuaris<\/li>\n\n\n\n<li>Relaci\u00f3 i control de prove\u00efdors<\/li>\n\n\n\n<li>Elaboraci\u00f3 de documents derivats d\u2019usuaris\/professionals dels serveis &nbsp;(programes, informes, rebuts de cobrament, tramitacions de contractes assistencials\u2026)<\/li>\n\n\n\n<li>Elaboraci\u00f3 o tramitaci\u00f3 de documents relacionats amb organismes oficials, entitats banc\u00e0ries, privades o del sector serveis<\/li>\n\n\n\n<li>Assist\u00e8ncia reunions Comit\u00e8 d\u2019Evacuaci\u00f3 i&nbsp; Emerg\u00e8ncia<\/li>\n\n\n\n<li>Coordinaci\u00f3 amb la resta de professionals que formen part de l\u2019equip de treball<\/li>\n\n\n\n<li>Control de gesti\u00f3 de totes les activitats necess\u00e0ries pel bon funcionament dels serveis<\/li>\n\n\n\n<li>Preparaci\u00f3 de les revisions m\u00e8diques del personal<\/li>\n\n\n\n<li>Preparaci\u00f3 vestuari del personal<\/li>\n\n\n\n<li>Control farm\u00e0cia de tots els serveis<\/li>\n<\/ul>\n\n\n\n<h3 class=\"wp-block-heading\">\u00c0rea laboral<\/h3>\n\n\n\n<ul class=\"wp-block-list\">\n<li>Gesti\u00f3 de recursos humans en contacte amb l\u2019assessoria<\/li>\n\n\n\n<li>Atenci\u00f3 a les peticions del personal<\/li>\n\n\n\n<li>Contractes del personal<\/li>\n\n\n\n<li>N\u00f2mines<\/li>\n\n\n\n<li>Seguretat social<\/li>\n\n\n\n<li>Impostos<\/li>\n\n\n\n<li>Supervisi\u00f3 de les hores<\/li>\n<\/ul>\n\n\n\n<h3 class=\"wp-block-heading\">\u00c0rea comptable i tresoreria<\/h3>\n\n\n\n<ul class=\"wp-block-list\">\n<li>Control de despeses i inversions (pagaments a prove\u00efdors, extractes entitats banc\u00e0ries, ingressos de subvencions dels serveis&#8230;.)<\/li>\n\n\n\n<li>Col\u00b7laboraci\u00f3 &nbsp;en l\u2019elaboraci\u00f3 dels balan\u00e7os i pressupostos dels serveis<\/li>\n\n\n\n<li>Preparaci\u00f3 de l\u2019auditoria i contacte amb l\u2019empresa auditora<\/li>\n\n\n\n<li>Contactes amb entitats banc\u00e0ries.<\/li>\n<\/ul>\n\n\n\n<h3 class=\"wp-block-heading\">\u00c0rea de relacions amb institucions<\/h3>\n\n\n\n<ul class=\"wp-block-list\">\n<li>Generalitat de Catalunya, amb els seus departaments per fer el seguiment de les subvencions o gestions atorgades als nostres serveis.<\/li>\n\n\n\n<li>Ajuntament<\/li>\n\n\n\n<li>Entitats banc\u00e0ries<\/li>\n\n\n\n<li>Entitats privades o del sector (DINCAT, Coordinadora de Profunds, Fundaci\u00f3 Catalana de l\u2019Esplai, GRAMEPARK, GRAMEIMPULS, SEGURONCE, Centres de formaci\u00f3\u2026)<\/li>\n<\/ul>\n\n\n\n<h3 class=\"wp-block-heading\">\u00c0rea de suport als \u00f2rgans de govern<\/h3>\n\n\n\n<ul class=\"wp-block-list\">\n<li>Convocar als patrons per a les reunions del Patronat<\/li>\n\n\n\n<li>Preparar la documentaci\u00f3 per a les reunions de Patronat, de les comisions, dels consells participatius dels serveis o altres Entitats<\/li>\n\n\n\n<li>Suports administratiu a &nbsp;secretaria de Fundaci\u00f3<\/li>\n\n\n\n<li>Organitzaci\u00f3 d\u2019arxius i fons documentals de l\u2019Entitat<\/li>\n<\/ul>\n","protected":false},"excerpt":{"rendered":"<p>Administraci\u00f3 El Departament d\u2019Administraci\u00f3 est\u00e0 vinculat a tots els serveis que depenen de Fundaci\u00f3 Privada Aspanide i s\u00f3n el suport dels \u00f2rgans de govern Patronat. Est\u00e0 dividit en l\u2019\u00c0rea Administrativa, \u00c0rea laboral, \u00c0rea Comptable i Tresoreria, Relacions amb Administracions i \u00c0rees de suport als \u00f2rgans de govern. Aquestes \u00e0rees desenvolupen les funcions seg\u00fcents:&nbsp; \u00c0rea administrativa&hellip; <br \/> <a class=\"read-more\" href=\"https:\/\/aspanide.org\/index.php\/fundacio\/serveis\/administracio\/\">Leer m\u00e1s<\/a><\/p>\n","protected":false},"author":1,"featured_media":0,"parent":76,"menu_order":0,"comment_status":"closed","ping_status":"closed","template":"","meta":{"footnotes":""},"class_list":["post-72","page","type-page","status-publish","hentry"],"_links":{"self":[{"href":"https:\/\/aspanide.org\/index.php\/wp-json\/wp\/v2\/pages\/72"}],"collection":[{"href":"https:\/\/aspanide.org\/index.php\/wp-json\/wp\/v2\/pages"}],"about":[{"href":"https:\/\/aspanide.org\/index.php\/wp-json\/wp\/v2\/types\/page"}],"author":[{"embeddable":true,"href":"https:\/\/aspanide.org\/index.php\/wp-json\/wp\/v2\/users\/1"}],"replies":[{"embeddable":true,"href":"https:\/\/aspanide.org\/index.php\/wp-json\/wp\/v2\/comments?post=72"}],"version-history":[{"count":20,"href":"https:\/\/aspanide.org\/index.php\/wp-json\/wp\/v2\/pages\/72\/revisions"}],"predecessor-version":[{"id":4299,"href":"https:\/\/aspanide.org\/index.php\/wp-json\/wp\/v2\/pages\/72\/revisions\/4299"}],"up":[{"embeddable":true,"href":"https:\/\/aspanide.org\/index.php\/wp-json\/wp\/v2\/pages\/76"}],"wp:attachment":[{"href":"https:\/\/aspanide.org\/index.php\/wp-json\/wp\/v2\/media?parent=72"}],"curies":[{"name":"wp","href":"https:\/\/api.w.org\/{rel}","templated":true}]}}