{"id":78,"date":"2014-01-16T16:16:12","date_gmt":"2014-01-16T15:16:12","guid":{"rendered":""},"modified":"2024-09-10T09:43:57","modified_gmt":"2024-09-10T08:43:57","slug":"patronatiorganitzacio-ct","status":"publish","type":"page","link":"https:\/\/aspanide.org\/index.php\/fundacio\/patronatiorganitzacio-ct\/","title":{"rendered":"Patronat i organitzaci\u00f3"},"content":{"rendered":"\n<p class=\"has-medium-font-size\"><span style=\"font-size: 1.5em;\"><strong>PATRONAT I ORGANIZACI\u00d3<\/strong><\/span><\/p>\n\n\n\n<p>La Fundaci\u00f3 &nbsp;ASPANIDE t\u00e9 la forma jur\u00eddica de Fundaci\u00f3 sense \u00e0nim de lucre que compta amb els seg\u00fcents \u00f2rgans de direcci\u00f3 i\/o representaci\u00f3:<\/p>\n\n\n\n<ul class=\"wp-block-list\">\n<li>El Patronat<\/li>\n\n\n\n<li>El Comit\u00e8 Executiu<\/li>\n\n\n\n<li>El Comit\u00e8 de Seguretat i Salut<\/li>\n\n\n\n<li>El Comit\u00e8 d\u2019empresa<\/li>\n<\/ul>\n\n\n\n<p class=\"has-medium-font-size\"><strong>EL PATRONAT<\/strong><\/p>\n\n\n\n<p>El Patronat \u00e9s un \u00f2rgan col\u00b7legiat format per dos tipus de patrons: fundacionals i institucionals. Aquest organ ostenta el m\u00e0xim govern i la representaci\u00f3 de la Fundaci\u00f3, que compren totes aquelles facultats que siguin necess\u00e0ries per a la realitzaci\u00f3 de les finalitats fundacionals. Es reuneixen un m\u00ednim de 3 vegades a l\u2019any i el nombre de patrons \u00e9s d\u201911, 8 de car\u00e0cter fundacional i 3 de car\u00e0cter institucional. Tamb\u00e9 forma part del Patronat un secretari sense vot.<\/p>\n\n\n\n<p>Els patrons fundacionals s\u00f3n nomenats per la Junta de Govern d\u2019Associaci\u00f3 ASPANIDE (entitat fundadora) i exerceixen el seu c\u00e0rrec per un per\u00edode de quatre anys des de la data del seu nomenament.<\/p>\n\n\n\n<p>Els patrons institucionals son tres representants de l\u2019Ajuntament de&nbsp; Santa Coloma de Gramenet nomenats pel Ple de la Corporaci\u00f3 amb la durada del per\u00edode de legislatura municipal, cessant al Patronal al termini de la seva qualitat de regidors.<\/p>\n\n\n\n<p>Quant als quatre membres restants, el nomenament s\u2019efectua per acord de la majoria absoluta del Patronat de la Fundaci\u00f3, escollits entre personalitats ciutadanes que per la seva traject\u00f2ria social o professional hagin obtingut un prestigi merescut a la ciutat. Aquests exerciran el seu c\u00e0rrec per per\u00edodes de deu anys, tot i que el seu nomenament pot ser renovat en una o diverses ocasions pro acord adoptat amb el vot a favor de la majoria absoluta dels membres de Patronat.<\/p>\n\n\n\n<p class=\"has-medium-font-size\"><strong>PATRONAT DE LA FUNDACI\u00d3 ASPANIDE<\/strong><\/p>\n\n\n\n<ul class=\"wp-block-list\">\n<li>Presidenta: \u00c1ngeles Pel\u00e1ez Moya<\/li>\n\n\n\n<li>Vice-president:&nbsp;Jose Ruiz Ruiz<\/li>\n<\/ul>\n\n\n\n<p><strong>Vocals:<\/strong><\/p>\n\n\n\n<ul class=\"wp-block-list\">\n<li>Teofilo Rodr\u00edguez Marco<\/li>\n\n\n\n<li>Jacinto Plaza Castro<\/li>\n\n\n\n<li>Josefina Caro Blanco<\/li>\n\n\n\n<li>Xavier Villena Aparicio<\/li>\n\n\n\n<li>M\u00aa Dolores Andrades<\/li>\n\n\n\n<li>Blanca Padr\u00f3s<\/li>\n\n\n\n<li>Belinda Morillo<\/li>\n\n\n\n<li>Secretario:&nbsp;Javier Avellana i Sauret<\/li>\n<\/ul>\n\n\n\n<p class=\"has-medium-font-size\"><strong>COMIT\u00c8 EXECUTIU<\/strong><\/p>\n\n\n\n<p>El Comit\u00e8 Executiu del Patronat \u00e9s un \u00f2rgan col\u00b7legiat, format per la presid\u00e8ncia, la vicepresid\u00e8ncia i dos vocals designats per la majoria absoluta dels membres de Patronat, que t\u00e9 atribu\u00efda per delegaci\u00f3 la compet\u00e8ncia per a la gesti\u00f3 ordin\u00e0ria de les activitats de la Fundaci\u00f3. Tamb\u00e9 forma part del Comit\u00e8 un secretari sense vot. El Comit\u00e8 \u00e9s responsable de la gesti\u00f3 del dia a dia de la Fundaci\u00f3 i es reuneix aproximadament una vegada al mes.<\/p>\n\n\n\n<p class=\"has-medium-font-size\"><strong>COMIT\u00c8 DE SEGURETAT I SALUT<\/strong><\/p>\n\n\n\n<p>\u00c9s un \u00f2rgan de participaci\u00f3 per a la consulta regular i peri\u00f2dica sobre temes de salut i seguretat del personal de la Fundaci\u00f3. Tracta totes les q\u00fcestions relacionades amb la pol\u00edtica de prevenci\u00f3 a l\u2019empresa, com ara la identificaci\u00f3 i l\u2019avaluaci\u00f3 de riscos laborals, l\u2019elaboraci\u00f3 i aplicaci\u00f3 dels plans de prevenci\u00f3 de riscos laborals, i la formaci\u00f3 e informaci\u00f3 sobre salut i seguretat dels treballadors i la millora de les condicions de treball o correcci\u00f3 de les defici\u00e8ncies existents, entre altres q\u00fcestions.<\/p>\n\n\n\n<p>El Comit\u00e8 de Seguretat i Salut est\u00e0 format per 2 representants de l\u2019empresa que serien la part econ\u00f2mica i 2 representants dels treballadors que serien la part social.<\/p>\n\n\n\n<p class=\"has-medium-font-size\"><strong>COMIT\u00c8 D\u2019EMPRESA<\/strong><\/p>\n\n\n\n<p>\u00c9s l\u2019\u00f2rgan de representaci\u00f3 legal dels treballadors de la Fundaci\u00f3 Aspanide. Les seves funcions s\u00f3n representar els interessos del personal de la Fundaci\u00f3 mitjan\u00e7ant el di\u00e0leg i la negociaci\u00f3 amb els representants de l\u2019empresa i vetllar per l\u2019aplicaci\u00f3 dels convenis vigents<\/p>\n\n\n\n<p class=\"has-medium-font-size\"><strong>Organigrama de la Fundaci\u00f3 Aspanide<\/strong><\/p>\n\n\n<div class=\"wp-block-image\">\n<figure class=\"aligncenter\"><a href=\"http:\/\/aspanide.org\/wp-content\/uploads\/2014\/01\/ORGANIGRAMA.png\"><img loading=\"lazy\" decoding=\"async\" width=\"958\" height=\"693\" src=\"http:\/\/aspanide.org\/wp-content\/uploads\/2014\/01\/ORGANIGRAMA.png\" alt=\"ORGANIGRAMA\" class=\"wp-image-2517\" srcset=\"https:\/\/aspanide.org\/wp-content\/uploads\/2014\/01\/ORGANIGRAMA.png 958w, https:\/\/aspanide.org\/wp-content\/uploads\/2014\/01\/ORGANIGRAMA-300x217.png 300w, https:\/\/aspanide.org\/wp-content\/uploads\/2014\/01\/ORGANIGRAMA-500x361.png 500w\" sizes=\"(max-width: 958px) 100vw, 958px\" \/><\/a><\/figure><\/div>\n\n\n<p class=\"has-text-align-center\"><\/p>\n","protected":false},"excerpt":{"rendered":"<p>PATRONAT I ORGANIZACI\u00d3 La Fundaci\u00f3 &nbsp;ASPANIDE t\u00e9 la forma jur\u00eddica de Fundaci\u00f3 sense \u00e0nim de lucre que compta amb els seg\u00fcents \u00f2rgans de direcci\u00f3 i\/o representaci\u00f3: EL PATRONAT El Patronat \u00e9s un \u00f2rgan col\u00b7legiat format per dos tipus de patrons: fundacionals i institucionals. Aquest organ ostenta el m\u00e0xim govern i la representaci\u00f3 de la Fundaci\u00f3,&hellip; <br \/> <a class=\"read-more\" href=\"https:\/\/aspanide.org\/index.php\/fundacio\/patronatiorganitzacio-ct\/\">Leer m\u00e1s<\/a><\/p>\n","protected":false},"author":1,"featured_media":0,"parent":7,"menu_order":0,"comment_status":"closed","ping_status":"closed","template":"","meta":{"footnotes":""},"class_list":["post-78","page","type-page","status-publish","hentry"],"_links":{"self":[{"href":"https:\/\/aspanide.org\/index.php\/wp-json\/wp\/v2\/pages\/78"}],"collection":[{"href":"https:\/\/aspanide.org\/index.php\/wp-json\/wp\/v2\/pages"}],"about":[{"href":"https:\/\/aspanide.org\/index.php\/wp-json\/wp\/v2\/types\/page"}],"author":[{"embeddable":true,"href":"https:\/\/aspanide.org\/index.php\/wp-json\/wp\/v2\/users\/1"}],"replies":[{"embeddable":true,"href":"https:\/\/aspanide.org\/index.php\/wp-json\/wp\/v2\/comments?post=78"}],"version-history":[{"count":45,"href":"https:\/\/aspanide.org\/index.php\/wp-json\/wp\/v2\/pages\/78\/revisions"}],"predecessor-version":[{"id":4383,"href":"https:\/\/aspanide.org\/index.php\/wp-json\/wp\/v2\/pages\/78\/revisions\/4383"}],"up":[{"embeddable":true,"href":"https:\/\/aspanide.org\/index.php\/wp-json\/wp\/v2\/pages\/7"}],"wp:attachment":[{"href":"https:\/\/aspanide.org\/index.php\/wp-json\/wp\/v2\/media?parent=78"}],"curies":[{"name":"wp","href":"https:\/\/api.w.org\/{rel}","templated":true}]}}